{"id":15777,"date":"2025-03-18T19:52:46","date_gmt":"2025-03-18T11:52:46","guid":{"rendered":"https:\/\/test8.szime.com\/?post_type=product&#038;p=15777"},"modified":"2025-06-26T20:59:09","modified_gmt":"2025-06-26T12:59:09","slug":"obd-tracking-diagnostics","status":"publish","type":"product","link":"https:\/\/www.xsuniot.com\/fr\/produit\/obd-tracking-diagnostics\/","title":{"rendered":"Diagnostic de suivi OBD"},"content":{"rendered":"<table id=\"tablepress-6\" class=\"tablepress tablepress-id-6\">\n<thead>\n<tr class=\"row-1\">\n\t<th class=\"column-1\">Sc\u00e9narios d'utilisation<\/th><th class=\"column-2\">d\u00e9lai d'ex\u00e9cution<\/th><th class=\"column-3\">MOQ<\/th><th class=\"column-4\">Aide \u00e0 la personnalisation<\/th><th class=\"column-5\">Service apr\u00e8s-vente<\/th><th class=\"column-6\">Informations sur l'emballage<\/th>\n<\/tr>\n<\/thead>\n<tbody class=\"row-striping row-hover\">\n<tr class=\"row-2\">\n\t<td class=\"column-1\">Surveillance des voitures<br \/>\nAssurance automobile<br \/>\nDiagnostic automobile<br \/>\nGestion des voitures particuli\u00e8res<br \/>\nGestion des v\u00e9hicules d'entreprise<br \/>\n<\/td><td class=\"column-2\">Un mois pour la production sur mesure<\/td><td class=\"column-3\">200<\/td><td class=\"column-4\">oui<\/td><td class=\"column-5\">Garantie de 12 mois pour l'ensemble de la machine<\/td><td class=\"column-6\">58*45 * 20mm<\/td>\n<\/tr>\n<\/tbody>\n<\/table>\n<!-- #tablepress-6 from cache -->\n<p>Le localisateur de capteurs OBD int\u00e8gre un module de communication 4G, un module GPS de haute pr\u00e9cision et un module de diagnostic OBD, ainsi qu'un capteur d'acc\u00e9l\u00e9ration int\u00e9gr\u00e9. Il s'agit d'un terminal intelligent de s\u00e9curit\u00e9 automobile dot\u00e9 d'une communication sans fil et d'un syst\u00e8me de positionnement GPS.<br \/>\nLe terminal est pr\u00eat \u00e0 l'emploi, il n'est pas n\u00e9cessaire de faire appel \u00e0 du personnel professionnel pour r\u00e9aliser l'auto-installation.<br \/>\nGr\u00e2ce \u00e0 la plateforme de service de positionnement sp\u00e9cial, les propri\u00e9taires de v\u00e9hicules peuvent facilement appliquer le suivi du positionnement, l'antivol du v\u00e9hicule, la lecture du trajet, le diagnostic du v\u00e9hicule, la surveillance du comportement de conduite et d'autres fonctions.<\/p>\n<p>Surveillance du comportement au volant.<\/p>\n<p>Apr\u00e8s le d\u00e9marrage du v\u00e9hicule, il signale en temps r\u00e9el le r\u00e9gime moteur, la vitesse du v\u00e9hicule, la tension de la batterie, l'ouverture du papillon, la charge du moteur, la temp\u00e9rature du liquide de refroidissement, le d\u00e9bit d'air, la temp\u00e9rature de l'air d'admission, l'angle d'avance \u00e0 l'allumage, la consommation instantan\u00e9e de carburant, la consommation moyenne de carburant, le kilom\u00e9trage actuel, la consommation actuelle de carburant, le code d'erreur de la consommation cumul\u00e9e de carburant et le flux de donn\u00e9es en temps r\u00e9el.<\/p>\n<p>Remarque : l'emplacement des ports OBD varie d'un v\u00e9hicule \u00e0 l'autre. Le diagramme suivant montre les emplacements possibles des ports OBD ; sur certains v\u00e9hicules, les ports OBD sont cach\u00e9s derri\u00e8re le d\u00e9flecteur en plastique :<br \/>\nA Zone:Au-dessus de la p\u00e9dale d'embrayage<br \/>\nZone B : Au-dessus de la p\u00e9dale d'acc\u00e9l\u00e9rateur<br \/>\nC Zone:Devant le levier de vitesse de la console centrale<br \/>\nZone D : Derri\u00e8re le levier de vitesse, devant l'accoudoir<br \/>\nZone E : Sous la bo\u00eete \u00e0 gants du passager<\/p>\n<p><img fetchpriority=\"high\" decoding=\"async\" class=\"alignnone size-full wp-image-19053\" src=\"https:\/\/www.xsuniot.com\/wp-content\/uploads\/2025\/03\/1750942690523.png\" alt=\"\" width=\"584\" height=\"228\" srcset=\"https:\/\/www.xsuniot.com\/wp-content\/uploads\/2025\/03\/1750942690523.png 584w, https:\/\/www.xsuniot.com\/wp-content\/uploads\/2025\/03\/1750942690523-400x156.png 400w, https:\/\/www.xsuniot.com\/wp-content\/uploads\/2025\/03\/1750942690523-18x7.png 18w, https:\/\/www.xsuniot.com\/wp-content\/uploads\/2025\/03\/1750942690523-430x168.png 430w, https:\/\/www.xsuniot.com\/wp-content\/uploads\/2025\/03\/1750942690523-150x59.png 150w\" sizes=\"(max-width: 584px) 100vw, 584px\" \/><\/p>\n<p>Dimensions : 47mm*37mm*25mm sans bouchon.<br \/>\nTension de fonctionnement DC 9V~18V<br \/>\nCourant de travail Moyenne 25m m\u00e8tre A (ACC ON)<br \/>\nCourant de veille 2,5 m (ACC OFF) GSM en veille<br \/>\nBatterie int\u00e9gr\u00e9e Batterie au lithium polym\u00e8re 50mA<br \/>\nM\u00e9thode de positionnement Positionnement Beidou\/Positionnement GPS\/Positionnement de la station de base<br \/>\nPr\u00e9cision du positionnement Erreur de positionnement GPS &lt;10m (l&#039;erreur de positionnement r\u00e9elle est li\u00e9e \u00e0 l&#039;environnement r\u00e9gional du v\u00e9hicule, aux conditions m\u00e9t\u00e9orologiques et \u00e0 d&#039;autres facteurs).<br \/>\nL'erreur de positionnement de la station de base d\u00e9pend des informations relatives \u00e0 la couverture de la station de base.<br \/>\nR\u00e9seau de communication 4G LTE TDD\/FDD<br \/>\nM\u00e9thode de communication R\u00e9seau TCP\/SMS<br \/>\nFr\u00e9quence radio B1,B3,B5,B8,B34,B38,B39,B40,B41<br \/>\nPlage de temp\u00e9rature de fonctionnement -20~+70\u00b0C<br \/>\nPlage de temp\u00e9rature de stockage -30~+80\u00b0C<br \/>\nProtocole OBD ISO9141<br \/>\nKWP2000_5BPS (ISO14230)<br \/>\nkwp2000_fast (iso14230)<br \/>\nCANBUS_11B_500K (ISO15765)<br \/>\nCANBUS_29B_500K (ISO15765)<br \/>\nCANBUS_11B_250K (ISO15765)<br \/>\nCANBUS_29B_250K (ISO15765)<\/p>\n<p>Clause de non-responsabilit\u00e9 : Toutes les sp\u00e9cifications de ce document sont bas\u00e9es sur des tests effectu\u00e9s dans un environnement clair, ouvert et non obstru\u00e9, \u00e0 une temp\u00e9rature de +25 degr\u00e9s Celsius.<\/p>\n<p><img decoding=\"async\" class=\"alignnone size-full wp-image-18962\" src=\"https:\/\/www.xsuniot.com\/wp-content\/uploads\/2025\/03\/1745479065907.png\" alt=\"\" width=\"564\" height=\"610\" srcset=\"https:\/\/www.xsuniot.com\/wp-content\/uploads\/2025\/03\/1745479065907.png 564w, https:\/\/www.xsuniot.com\/wp-content\/uploads\/2025\/03\/1745479065907-277x300.png 277w, https:\/\/www.xsuniot.com\/wp-content\/uploads\/2025\/03\/1745479065907-11x12.png 11w, https:\/\/www.xsuniot.com\/wp-content\/uploads\/2025\/03\/1745479065907-430x465.png 430w, https:\/\/www.xsuniot.com\/wp-content\/uploads\/2025\/03\/1745479065907-150x162.png 150w\" sizes=\"(max-width: 564px) 100vw, 564px\" \/> <img decoding=\"async\" class=\"alignnone wp-image-18963\" src=\"https:\/\/www.xsuniot.com\/wp-content\/uploads\/2025\/03\/H2a33b5c80a4042048d6d9103b0c5897fB.jpg\" alt=\"\" width=\"591\" height=\"591\" srcset=\"https:\/\/www.xsuniot.com\/wp-content\/uploads\/2025\/03\/H2a33b5c80a4042048d6d9103b0c5897fB.jpg 1000w, https:\/\/www.xsuniot.com\/wp-content\/uploads\/2025\/03\/H2a33b5c80a4042048d6d9103b0c5897fB-300x300.jpg 300w, https:\/\/www.xsuniot.com\/wp-content\/uploads\/2025\/03\/H2a33b5c80a4042048d6d9103b0c5897fB-800x800.jpg 800w, https:\/\/www.xsuniot.com\/wp-content\/uploads\/2025\/03\/H2a33b5c80a4042048d6d9103b0c5897fB-150x150.jpg 150w, https:\/\/www.xsuniot.com\/wp-content\/uploads\/2025\/03\/H2a33b5c80a4042048d6d9103b0c5897fB-768x768.jpg 768w, https:\/\/www.xsuniot.com\/wp-content\/uploads\/2025\/03\/H2a33b5c80a4042048d6d9103b0c5897fB-12x12.jpg 12w, https:\/\/www.xsuniot.com\/wp-content\/uploads\/2025\/03\/H2a33b5c80a4042048d6d9103b0c5897fB-430x430.jpg 430w, https:\/\/www.xsuniot.com\/wp-content\/uploads\/2025\/03\/H2a33b5c80a4042048d6d9103b0c5897fB-700x700.jpg 700w\" sizes=\"(max-width: 591px) 100vw, 591px\" \/><\/p>","protected":false},"excerpt":{"rendered":"<p>* Contr\u00f4le du comportement au volant ;<br \/>\n* OBD2 diagnostics;\uff08ISO9141-2\uff0cKWP2000_5BPS\uff0cKWP2000_FAST\uff0cISO15765\uff09<br \/>\n* Suivi en temps r\u00e9el ;<br \/>\n* Lecture des pistes historiques ;<br \/>\n* Alarme de panne de courant ;<br \/>\n* D\u00e9tection de l'ACC ;<br \/>\n* Alarme d'expiration de l'assurance ;<br \/>\n* Geofencing ;<br \/>\n* Avertissement de fatigue au volant ;<br \/>\n* Alarme de vibration d'avertissement de survitesse ;<br \/>\n* Alertes de collision.<\/p>","protected":false},"featured_media":18950,"comment_status":"open","ping_status":"closed","template":"","meta":[],"product_brand":[],"product_cat":[110],"product_tag":[143,142,141,139,140],"class_list":{"0":"post-15777","1":"product","2":"type-product","3":"status-publish","4":"has-post-thumbnail","6":"product_cat-obd-tracking-diagnostics","7":"product_tag-driving-behaviour-analysis","8":"product_tag-fault-diagnosis","9":"product_tag-fence-alarm","10":"product_tag-obd-tracking-diagnosticsreal-time-positioning","11":"product_tag-track-playback","13":"first","14":"instock","15":"shipping-taxable","16":"product-type-simple"},"_links":{"self":[{"href":"https:\/\/www.xsuniot.com\/fr\/wp-json\/wp\/v2\/product\/15777","targetHints":{"allow":["GET"]}}],"collection":[{"href":"https:\/\/www.xsuniot.com\/fr\/wp-json\/wp\/v2\/product"}],"about":[{"href":"https:\/\/www.xsuniot.com\/fr\/wp-json\/wp\/v2\/types\/product"}],"replies":[{"embeddable":true,"href":"https:\/\/www.xsuniot.com\/fr\/wp-json\/wp\/v2\/comments?post=15777"}],"version-history":[{"count":11,"href":"https:\/\/www.xsuniot.com\/fr\/wp-json\/wp\/v2\/product\/15777\/revisions"}],"predecessor-version":[{"id":19054,"href":"https:\/\/www.xsuniot.com\/fr\/wp-json\/wp\/v2\/product\/15777\/revisions\/19054"}],"wp:featuredmedia":[{"embeddable":true,"href":"https:\/\/www.xsuniot.com\/fr\/wp-json\/wp\/v2\/media\/18950"}],"wp:attachment":[{"href":"https:\/\/www.xsuniot.com\/fr\/wp-json\/wp\/v2\/media?parent=15777"}],"wp:term":[{"taxonomy":"product_brand","embeddable":true,"href":"https:\/\/www.xsuniot.com\/fr\/wp-json\/wp\/v2\/product_brand?post=15777"},{"taxonomy":"product_cat","embeddable":true,"href":"https:\/\/www.xsuniot.com\/fr\/wp-json\/wp\/v2\/product_cat?post=15777"},{"taxonomy":"product_tag","embeddable":true,"href":"https:\/\/www.xsuniot.com\/fr\/wp-json\/wp\/v2\/product_tag?post=15777"}],"curies":[{"name":"wp","href":"https:\/\/api.w.org\/{rel}","templated":true}]}}