{"id":15767,"date":"2025-03-18T19:51:11","date_gmt":"2025-03-18T11:51:11","guid":{"rendered":"https:\/\/test8.szime.com\/?post_type=product&#038;p=15767"},"modified":"2025-06-26T20:23:45","modified_gmt":"2025-06-26T12:23:45","slug":"ai-smart-dashcam","status":"publish","type":"product","link":"https:\/\/www.xsuniot.com\/fr\/produit\/ai-smart-dashcam\/","title":{"rendered":"Cam\u00e9ra de surveillance intelligente AI"},"content":{"rendered":"<table id=\"tablepress-5\" class=\"tablepress tablepress-id-5\">\n<thead>\n<tr class=\"row-1\">\n\t<th class=\"column-1\">Sc\u00e9narios d'utilisation<\/th><th class=\"column-2\">d\u00e9lai d'ex\u00e9cution<\/th><th class=\"column-3\">MOQ<\/th><th class=\"column-4\">Aide \u00e0 la personnalisation<\/th><th class=\"column-5\">Service apr\u00e8s-vente<\/th><th class=\"column-6\">Informations sur l'emballage<\/th>\n<\/tr>\n<\/thead>\n<tbody class=\"row-striping row-hover\">\n<tr class=\"row-2\">\n\t<td class=\"column-1\">Bus scolaires, netbook, taxis, flottes logistiques, gestion de flotte<\/td><td class=\"column-2\">Un mois pour la production sur mesure<\/td><td class=\"column-3\">50<\/td><td class=\"column-4\">oui<\/td><td class=\"column-5\">Garantie de 12 mois pour l'ensemble de la machine<\/td><td class=\"column-6\"><\/td>\n<\/tr>\n<\/tbody>\n<\/table>\n<!-- #tablepress-5 from cache -->\n<p>Il s'agit d'un produit de s\u00e9curit\u00e9 active automobile complet qui int\u00e8gre le positionnement par satellite, la surveillance vid\u00e9o, la s\u00e9curit\u00e9 active et d'autres fonctions. Le produit r\u00e9pond aux besoins de surveillance et de gestion du parc automobile, de s\u00e9curit\u00e9 de la conduite et de r\u00e9gulation du comportement des conducteurs. Bas\u00e9es sur une technologie avanc\u00e9e d'apprentissage en profondeur, les fonctions de s\u00e9curit\u00e9 active - syst\u00e8me avanc\u00e9 d'aide \u00e0 la conduite (ADAS), syst\u00e8me de surveillance du conducteur (DMS), assistance au changement de voie (LCA) et autres algorithmes intelligents - peuvent \u00eatre appliqu\u00e9es \u00e0 des sc\u00e9narios de conduite complexes afin d'am\u00e9liorer la s\u00e9curit\u00e9 et l'efficacit\u00e9 de la conduite dans le trafic et de rehausser l'exp\u00e9rience globale de l'utilisateur. La technologie de l'intelligence artificielle int\u00e9gr\u00e9e dans le processus de conduite du v\u00e9hicule peut r\u00e9guler davantage le comportement s\u00fbr des conducteurs.<br \/>\nLe produit prend en charge les protocoles JT\/T808, JT\/T905, JT\/T1078 et d'autres normes minist\u00e9rielles, ce qui r\u00e9pond aux besoins de surveillance vid\u00e9o, de gestion et de normalisation du comportement de conduite des voitures en r\u00e9seau, des taxis et des flottes logistiques.<\/p>\n<p><img fetchpriority=\"high\" decoding=\"async\" class=\"alignnone  wp-image-19042\" src=\"https:\/\/www.xsuniot.com\/wp-content\/uploads\/2025\/03\/AI-DASHCAM-2.jpg\" alt=\"\" width=\"377\" height=\"377\" srcset=\"https:\/\/www.xsuniot.com\/wp-content\/uploads\/2025\/03\/AI-DASHCAM-2.jpg 720w, https:\/\/www.xsuniot.com\/wp-content\/uploads\/2025\/03\/AI-DASHCAM-2-300x300.jpg 300w, https:\/\/www.xsuniot.com\/wp-content\/uploads\/2025\/03\/AI-DASHCAM-2-150x150.jpg 150w, https:\/\/www.xsuniot.com\/wp-content\/uploads\/2025\/03\/AI-DASHCAM-2-12x12.jpg 12w, https:\/\/www.xsuniot.com\/wp-content\/uploads\/2025\/03\/AI-DASHCAM-2-430x430.jpg 430w, https:\/\/www.xsuniot.com\/wp-content\/uploads\/2025\/03\/AI-DASHCAM-2-700x700.jpg 700w\" sizes=\"(max-width: 377px) 100vw, 377px\" \/> <img decoding=\"async\" class=\"alignnone  wp-image-19043\" src=\"https:\/\/www.xsuniot.com\/wp-content\/uploads\/2025\/03\/AI-DASHCAM-3.jpg\" alt=\"\" width=\"377\" height=\"377\" srcset=\"https:\/\/www.xsuniot.com\/wp-content\/uploads\/2025\/03\/AI-DASHCAM-3.jpg 720w, https:\/\/www.xsuniot.com\/wp-content\/uploads\/2025\/03\/AI-DASHCAM-3-300x300.jpg 300w, https:\/\/www.xsuniot.com\/wp-content\/uploads\/2025\/03\/AI-DASHCAM-3-150x150.jpg 150w, https:\/\/www.xsuniot.com\/wp-content\/uploads\/2025\/03\/AI-DASHCAM-3-12x12.jpg 12w, https:\/\/www.xsuniot.com\/wp-content\/uploads\/2025\/03\/AI-DASHCAM-3-430x430.jpg 430w, https:\/\/www.xsuniot.com\/wp-content\/uploads\/2025\/03\/AI-DASHCAM-3-700x700.jpg 700w\" sizes=\"(max-width: 377px) 100vw, 377px\" \/><\/p>\n<p>L'appareil utilise une technologie de vision artificielle bas\u00e9e sur l'analyse vid\u00e9o pour identifier automatiquement les risques routiers et les comportements dangereux des conducteurs. Tout \u00e9v\u00e9nement d\u00e9tect\u00e9 d\u00e9clenche une alarme sonore pour alerter le conducteur en temps r\u00e9el, et ces \u00e9v\u00e9nements sont \u00e9galement synchronis\u00e9s avec la plateforme.<br \/>\nNote : La fonction AI doit \u00eatre calibr\u00e9e et configur\u00e9e conform\u00e9ment aux instructions d'installation et d'utilisation, sinon la pr\u00e9cision de la fonction AI peut \u00eatre affect\u00e9e.<br \/>\nConditions de d\u00e9clenchement de l'avertissement de l'algorithme : vitesse de d\u00e9clenchement sup\u00e9rieure \u00e0 30 km\/h<br \/>\nTest en ext\u00e9rieur : s'assurer que l'appareil est connect\u00e9 \u00e0 l'antenne GPS, utiliser la vitesse GPS<br \/>\nTest en int\u00e9rieur :<br \/>\nM\u00e9thode 1 Apr\u00e8s s'\u00eatre connect\u00e9 \u00e0 l'APP du t\u00e9l\u00e9phone portable, aller dans les param\u00e8tres de l'enregistreur - cliquer sur la version du micrologiciel pendant 1 fois pour demander que la vitesse analogique ait \u00e9t\u00e9 activ\u00e9e - l'appareil red\u00e9marre pour \u00eatre restaur\u00e9.<br \/>\nM\u00e9thode 2 Placer le texte de la vitesse analogique dans le r\u00e9pertoire racine de la carte T - ins\u00e9rer l'appareil - demander \u00e0 ce que la vitesse analogique soit activ\u00e9e - red\u00e9marrer l'appareil pour prendre effet.<\/p>\n<p>&nbsp;<\/p>\n<p>Prise en charge de plusieurs vid\u00e9os haute d\u00e9finition.<br \/>\nPrise en charge de la transmission de donn\u00e9es et du positionnement via l'internet 4G.<br \/>\nSupport vocal pour l'interphone\/l'\u00e9coute<br \/>\nPositionnement \u00e0 distance en temps r\u00e9el et lecture de la trajectoire<br \/>\nVid\u00e9o et lecture \u00e0 distance en temps r\u00e9el<br \/>\nChargement d'une vid\u00e9o d'alarme AI<br \/>\nPrise en charge de l'\u00e9talonnage de l'identification automatique ADAS\/DMS.<br \/>\nSyst\u00e8mes avanc\u00e9s d'aide \u00e0 la conduite (ADAS)<br \/>\nFonction de surveillance du comportement du conducteur (DSM)<br \/>\nPrise en charge des r\u00e9glages des volants gauche et droit du DMS.<br \/>\nPrise en charge du syst\u00e8me de gestion des donn\u00e9es du conducteur et de la surveillance vid\u00e9o int\u00e9gr\u00e9e dans la voiture.<br \/>\nRS232\/IO et autres extensions<\/p>\n<p>Le paquet contient les \u00e9l\u00e9ments suivants :<br \/>\n1.AI 4G Dashcam (cam\u00e9ra \u00e0 double enregistrement)<br \/>\n2. bouton SOS<br \/>\n3. antenne GPS<br \/>\n4. cadre de la carte T, petites vis du cadre x2, grandes vis de la cam\u00e9ra de verrouillage x2<br \/>\n5. support de la carte SIM et goupille de retrait de la carte<br \/>\n6. cordon d'alimentation<br \/>\n7. cam\u00e9ra optionnelle du troisi\u00e8me canal<\/p>\n<p><iframe title=\"AI DASHCAM\" width=\"500\" height=\"375\" src=\"https:\/\/www.youtube.com\/embed\/4bCDYh8rC5Y?feature=oembed\" frameborder=\"0\" allow=\"accelerometer; autoplay; clipboard-write; encrypted-media; gyroscope; picture-in-picture; web-share\" referrerpolicy=\"strict-origin-when-cross-origin\" allowfullscreen><\/iframe><\/p>","protected":false},"excerpt":{"rendered":"<p>1\u3001 Syst\u00e8me LINUX ;<br \/>\n2\u3001Supportent le r\u00e9seau 4G et le positionnement par satellite ;<br \/>\n3\u3001Support de l'avant de la voiture, vid\u00e9o int\u00e9gr\u00e9e \u00e0 double canal de la voiture<br \/>\n4\u3001Support du protocole standard du minist\u00e8re 808+1078 ;<br \/>\n5\u3001 supportent la vid\u00e9o en temps r\u00e9el, la lecture de vid\u00e9os historiques, l'alarme d'urgence et d'autres fonctions ;<br \/>\n6\u3001Support ADAS\/DMS et autres algorithmes d'intelligence artificielle ;<br \/>\n7\u3001 la meilleure prise en charge de la vid\u00e9o 1080P \u00e0 double canal (avec une version d'algorithme pour le 720P bidirectionnel)<\/p>","protected":false},"featured_media":15769,"comment_status":"open","ping_status":"closed","template":"","meta":[],"product_brand":[],"product_cat":[109],"product_tag":[133,135,134],"class_list":{"0":"post-15767","1":"product","2":"type-product","3":"status-publish","4":"has-post-thumbnail","6":"product_cat-ai-smart-dashcam","7":"product_tag-ai-smart-dashcamfatigue-alarm","8":"product_tag-lane-departure-alarm","9":"product_tag-smoking-alarm","11":"first","12":"instock","13":"shipping-taxable","14":"product-type-simple"},"_links":{"self":[{"href":"https:\/\/www.xsuniot.com\/fr\/wp-json\/wp\/v2\/product\/15767","targetHints":{"allow":["GET"]}}],"collection":[{"href":"https:\/\/www.xsuniot.com\/fr\/wp-json\/wp\/v2\/product"}],"about":[{"href":"https:\/\/www.xsuniot.com\/fr\/wp-json\/wp\/v2\/types\/product"}],"replies":[{"embeddable":true,"href":"https:\/\/www.xsuniot.com\/fr\/wp-json\/wp\/v2\/comments?post=15767"}],"version-history":[{"count":6,"href":"https:\/\/www.xsuniot.com\/fr\/wp-json\/wp\/v2\/product\/15767\/revisions"}],"predecessor-version":[{"id":19041,"href":"https:\/\/www.xsuniot.com\/fr\/wp-json\/wp\/v2\/product\/15767\/revisions\/19041"}],"wp:featuredmedia":[{"embeddable":true,"href":"https:\/\/www.xsuniot.com\/fr\/wp-json\/wp\/v2\/media\/15769"}],"wp:attachment":[{"href":"https:\/\/www.xsuniot.com\/fr\/wp-json\/wp\/v2\/media?parent=15767"}],"wp:term":[{"taxonomy":"product_brand","embeddable":true,"href":"https:\/\/www.xsuniot.com\/fr\/wp-json\/wp\/v2\/product_brand?post=15767"},{"taxonomy":"product_cat","embeddable":true,"href":"https:\/\/www.xsuniot.com\/fr\/wp-json\/wp\/v2\/product_cat?post=15767"},{"taxonomy":"product_tag","embeddable":true,"href":"https:\/\/www.xsuniot.com\/fr\/wp-json\/wp\/v2\/product_tag?post=15767"}],"curies":[{"name":"wp","href":"https:\/\/api.w.org\/{rel}","templated":true}]}}