{"id":15758,"date":"2025-03-18T19:48:51","date_gmt":"2025-03-18T11:48:51","guid":{"rendered":"https:\/\/test8.szime.com\/?post_type=product&#038;p=15758"},"modified":"2025-06-26T21:28:28","modified_gmt":"2025-06-26T13:28:28","slug":"pet-tracker","status":"publish","type":"product","link":"https:\/\/www.xsuniot.com\/fr\/produit\/pet-tracker\/","title":{"rendered":"Traceur d'animaux"},"content":{"rendered":"<table id=\"tablepress-3\" class=\"tablepress tablepress-id-3\">\n<thead>\n<tr class=\"row-1\">\n\t<th class=\"column-1\">Sc\u00e9narios d'utilisation<\/th><th class=\"column-2\">d\u00e9lai d'ex\u00e9cution<\/th><th class=\"column-3\">MOQ<\/th><th class=\"column-4\">Aide \u00e0 la personnalisation<\/th><th class=\"column-5\">Service apr\u00e8s-vente<\/th><th class=\"column-6\">Informations sur l'emballage<\/th>\n<\/tr>\n<\/thead>\n<tbody class=\"row-striping row-hover\">\n<tr class=\"row-2\">\n\t<td class=\"column-1\">Pour les chats, les chiens et les autres animaux de compagnie<br \/>\n<\/td><td class=\"column-2\">Un mois pour la production sur mesure<\/td><td class=\"column-3\">50<\/td><td class=\"column-4\">oui<\/td><td class=\"column-5\">Garantie de 12 mois pour l'ensemble de la machine<\/td><td class=\"column-6\"><\/td>\n<\/tr>\n<\/tbody>\n<\/table>\n<!-- #tablepress-3 from cache -->\n<p>XS-59 est un terminal de positionnement 4G full netcom sp\u00e9cialement con\u00e7u pour les animaux de compagnie, qui int\u00e8gre la technologie de communication sans fil 4G full netcom et la technologie de navigation et de positionnement par satellite GPS\/BDS. Le terminal adopte une antenne de qualit\u00e9 industrielle, hautement int\u00e9gr\u00e9e et enti\u00e8rement incorpor\u00e9e, et l'appareil est \u00e9quip\u00e9 d'un capteur \u00e0 trois axes qui \u00e9conomise intelligemment l'\u00e9nergie et se r\u00e9veille pour travailler. Il offre des fonctions telles que la localisation en temps r\u00e9el, l'alerte par vibration, la recherche d'animaux par la lumi\u00e8re, la recherche d'animaux par l'avertisseur sonore et le positionnement par appel nominal. Quatre modes de fonctionnement peuvent \u00eatre d\u00e9finis pour r\u00e9pondre aux diff\u00e9rents sc\u00e9narios d'application des clients, et les utilisateurs peuvent envoyer des commandes pour passer d'un mode de fonctionnement \u00e0 l'autre.<\/p>\n<p>Logique de fonctionnement<br \/>\n\u2460Status Explication :<br \/>\n\u00c9tat de la mise sous tension\/hors tension : L'appareil peut \u00eatre mis sous tension ou hors tension en maintenant le bouton enfonc\u00e9 pendant trois secondes. Apr\u00e8s l'avoir \u00e9teint en le maintenant enfonc\u00e9 pendant trois secondes, il ne t\u00e9l\u00e9chargera aucune donn\u00e9e.<br \/>\n\u00c9tat de fonctionnement : Le voyant lumineux de l'appareil est allum\u00e9 et le module r\u00e9seau ainsi que le module de positionnement sont en \u00e9tat de fonctionnement.<br \/>\n\u00c9tat de veille : Le module r\u00e9seau de l'appareil est actif (il maintient la plate-forme en ligne, ce qui permet d'effectuer des commandes hors ligne et d'envoyer des SMS), mais le module de positionnement est inactif.<br \/>\n\u2461Working Mode Explication :<br \/>\nPositionnement continu : L'appareil est dans l'\u00e9tat de fonctionnement par d\u00e9faut, mettant \u00e0 jour sa position toutes les 30 secondes.<br \/>\nMode normal : l'appareil est en \u00e9tat de veille par d\u00e9faut. Pendant la p\u00e9riode de veille, si une vibration est d\u00e9tect\u00e9e, l'appareil passe en mode travail et met \u00e0 jour sa position toutes les 10 minutes ; si aucune vibration n'est d\u00e9tect\u00e9e, l'appareil reste en mode veille.<br \/>\nL'\u00e9quipement est en mode veille par d\u00e9faut. Pendant cette p\u00e9riode, si des vibrations sont d\u00e9tect\u00e9es, il passe en mode travail toutes les heures pour mettre \u00e0 jour sa position. Si aucune vibration n'est d\u00e9tect\u00e9e, il reste en mode veille.<br \/>\nL'appareil est en mode veille par d\u00e9faut. Pendant cette p\u00e9riode, s'il d\u00e9tecte une vibration, il passe en mode travail pour mettre \u00e0 jour sa position toutes les 12 heures. Si aucune vibration n'est d\u00e9tect\u00e9e, il reste en mode veille.<br \/>\n\u2462Vibration Alarm Explication :<br \/>\nUne fois que la plate-forme a envoy\u00e9 la commande d'armement, l'appareil passe \u00e0 l'\u00e9tat arm\u00e9 apr\u00e8s trois minutes d'immobilit\u00e9. Lorsqu'il d\u00e9tecte une vibration, il envoie une alarme de vibration. L'\u00e9tat d'armement n'est activ\u00e9 qu'une seule fois.<\/p>\n<p>\uf06cGPS+BDS+AGPS+WiFi+LBS Multi-Positionnement ;<br \/>\n\uf06cSupports fonction de cl\u00f4ture \u00e9lectronique, permettant aux utilisateurs de mettre en place des cl\u00f4tures \u00e9lectroniques virtuelles par l'interm\u00e9diaire de la plateforme\/APP. La plateforme peut reconna\u00eetre et envoyer des alertes lorsque l'appareil entre ou sort de la cl\u00f4ture ;<br \/>\n\uf06cCapable d'envoyer des SMS\/appels t\u00e9l\u00e9phoniques aux num\u00e9ros des gardiens en cas d'alarme, les alarmes \u00e9tant simultan\u00e9ment t\u00e9l\u00e9charg\u00e9es sur la plateforme ;<br \/>\nLe terminal \uf06cThe adopte un module 4G de qualit\u00e9 industrielle de grande stabilit\u00e9 provenant de fabricants renomm\u00e9s, avec des antennes LTE int\u00e9gr\u00e9es \u00e0 haute sensibilit\u00e9, prenant en charge la transmission de donn\u00e9es TCP\/IP et la connexion aux serveurs via des noms de domaine\/adresses IP ;<br \/>\n\uf06cEquipped avec une puce de stockage de grande capacit\u00e9, permettant le stockage des donn\u00e9es en mode hors ligne et la retransmission des donn\u00e9es manqu\u00e9es dans les zones aveugles. Lorsque l'animal se trouve dans une zone o\u00f9 les signaux sans fil sont faibles ou les interf\u00e9rences importantes, les donn\u00e9es relatives aux mouvements de l'animal sont temporairement stock\u00e9es dans la m\u00e9moire FLASH. Lorsque le signal sans fil revient \u00e0 la normale, les donn\u00e9es peuvent \u00eatre retransmises pour garantir qu'aucune donn\u00e9e n'est perdue ;<br \/>\n\uf06cBuilt - Capteur d'acc\u00e9l\u00e9ration \u00e0 3 axes, int\u00e9grant des algorithmes d'acc\u00e9l\u00e9ration pr\u00e9cis, pour l'acquisition et l'\u00e9valuation en temps r\u00e9el de la posture actuelle de l'animal ;<br \/>\n\uf06cHigh Module de positionnement GPS\/BDS \u00e0 double satellite avec antenne c\u00e9ramique anti-interf\u00e9rences, permettant une r\u00e9ception plus stable du signal satellite et prenant en charge le positionnement et le suivi rapides AGPS, ainsi que le service de synchronisation du temps ;<br \/>\n\uf06cSupports mises \u00e0 jour \u00e0 distance en ligne et configuration \u00e0 distance des param\u00e8tres du produit.<\/p>\n<p><img fetchpriority=\"high\" decoding=\"async\" class=\"alignnone wp-image-18898 size-full\" src=\"https:\/\/www.xsuniot.com\/wp-content\/uploads\/2025\/04\/O1CN01AEua631aMJkriOlLK_2210390603315-0-cib-e1744812462770.jpg\" alt=\"PET Tracker\" width=\"443\" height=\"514\" srcset=\"https:\/\/www.xsuniot.com\/wp-content\/uploads\/2025\/04\/O1CN01AEua631aMJkriOlLK_2210390603315-0-cib-e1744812462770.jpg 443w, https:\/\/www.xsuniot.com\/wp-content\/uploads\/2025\/04\/O1CN01AEua631aMJkriOlLK_2210390603315-0-cib-e1744812462770-259x300.jpg 259w, https:\/\/www.xsuniot.com\/wp-content\/uploads\/2025\/04\/O1CN01AEua631aMJkriOlLK_2210390603315-0-cib-e1744812462770-10x12.jpg 10w, https:\/\/www.xsuniot.com\/wp-content\/uploads\/2025\/04\/O1CN01AEua631aMJkriOlLK_2210390603315-0-cib-e1744812462770-430x499.jpg 430w, https:\/\/www.xsuniot.com\/wp-content\/uploads\/2025\/04\/O1CN01AEua631aMJkriOlLK_2210390603315-0-cib-e1744812462770-150x174.jpg 150w\" sizes=\"(max-width: 443px) 100vw, 443px\" \/><\/p>","protected":false},"excerpt":{"rendered":"<p>le positionnement en temps r\u00e9el,<\/p>\n<p>alarme de vibration,<\/p>\n<p>recherche de lumi\u00e8re pour les animaux domestiques<\/p>\n<p>son \u00e0 la recherche d'animaux de compagnie,<\/p>\n<p>la d\u00e9nomination et le positionnement.<\/p>","protected":false},"featured_media":15872,"comment_status":"open","ping_status":"closed","template":"","meta":[],"product_brand":[],"product_cat":[108],"product_tag":[125,127,83,126],"class_list":{"0":"post-15758","1":"product","2":"type-product","3":"status-publish","4":"has-post-thumbnail","6":"product_cat-pet-tracker","7":"product_tag-cat-tracker","8":"product_tag-dog-tracker","9":"product_tag-pet-locator","10":"product_tag-pet-tracker","12":"first","13":"instock","14":"shipping-taxable","15":"product-type-simple"},"_links":{"self":[{"href":"https:\/\/www.xsuniot.com\/fr\/wp-json\/wp\/v2\/product\/15758","targetHints":{"allow":["GET"]}}],"collection":[{"href":"https:\/\/www.xsuniot.com\/fr\/wp-json\/wp\/v2\/product"}],"about":[{"href":"https:\/\/www.xsuniot.com\/fr\/wp-json\/wp\/v2\/types\/product"}],"replies":[{"embeddable":true,"href":"https:\/\/www.xsuniot.com\/fr\/wp-json\/wp\/v2\/comments?post=15758"}],"version-history":[{"count":7,"href":"https:\/\/www.xsuniot.com\/fr\/wp-json\/wp\/v2\/product\/15758\/revisions"}],"predecessor-version":[{"id":19055,"href":"https:\/\/www.xsuniot.com\/fr\/wp-json\/wp\/v2\/product\/15758\/revisions\/19055"}],"wp:featuredmedia":[{"embeddable":true,"href":"https:\/\/www.xsuniot.com\/fr\/wp-json\/wp\/v2\/media\/15872"}],"wp:attachment":[{"href":"https:\/\/www.xsuniot.com\/fr\/wp-json\/wp\/v2\/media?parent=15758"}],"wp:term":[{"taxonomy":"product_brand","embeddable":true,"href":"https:\/\/www.xsuniot.com\/fr\/wp-json\/wp\/v2\/product_brand?post=15758"},{"taxonomy":"product_cat","embeddable":true,"href":"https:\/\/www.xsuniot.com\/fr\/wp-json\/wp\/v2\/product_cat?post=15758"},{"taxonomy":"product_tag","embeddable":true,"href":"https:\/\/www.xsuniot.com\/fr\/wp-json\/wp\/v2\/product_tag?post=15758"}],"curies":[{"name":"wp","href":"https:\/\/api.w.org\/{rel}","templated":true}]}}