{"id":15745,"date":"2025-03-18T19:37:15","date_gmt":"2025-03-18T11:37:15","guid":{"rendered":"https:\/\/test8.szime.com\/?post_type=product&#038;p=15745"},"modified":"2025-06-26T20:43:28","modified_gmt":"2025-06-26T12:43:28","slug":"smart-bracelet","status":"publish","type":"product","link":"https:\/\/www.xsuniot.com\/fr\/produit\/smart-bracelet\/","title":{"rendered":"Bracelet intelligent"},"content":{"rendered":"<table id=\"tablepress-2\" class=\"tablepress tablepress-id-2\">\n<thead>\n<tr class=\"row-1\">\n\t<th class=\"column-1\">Sc\u00e9narios d'utilisation<\/th><th class=\"column-2\">d\u00e9lai d'ex\u00e9cution<\/th><th class=\"column-3\">MOQ<\/th><th class=\"column-4\">Aide \u00e0 la personnalisation<\/th><th class=\"column-5\">Service apr\u00e8s-vente<\/th><th class=\"column-6\">Informations sur l'emballage<\/th>\n<\/tr>\n<\/thead>\n<tbody class=\"row-striping row-hover\">\n<tr class=\"row-2\">\n\t<td class=\"column-1\">(Applicable aux \u00e9coles primaires et secondaires, aux institutions de protection de l'enfance, aux maisons de retraite, aux CDC, aux abonnements communautaires ouverts)<\/td><td class=\"column-2\">Un mois pour la production sur mesure<\/td><td class=\"column-3\">100<\/td><td class=\"column-4\">oui<\/td><td class=\"column-5\">Garantie de 12 mois pour l'ensemble de la machine<\/td><td class=\"column-6\">Taille du corps principal : 50*31*16.5mm<br \/>\nTaille du bracelet : 195 mm<br \/>\nPoids net : 43g<\/td>\n<\/tr>\n<\/tbody>\n<\/table>\n\n<p>Introduction aux fonctions de base<br \/>\nBouton d'aide d'urgence : appui long pour composer le num\u00e9ro SOS pendant 3 secondes (sans num\u00e9ro SOS) ; appui court pour indiquer l'heure actuelle ; bouton de confirmation du menu ; appui court pour r\u00e9pondre \u00e0 la touche.<br \/>\nTouche de commutation : Appui long pendant 3 secondes, appui court pour entrer dans le menu de niveau 1 et tourner la page ; appui court pour raccrocher ; appui long pendant 10 secondes en cas d'anomalie.<br \/>\nInterface de chargement : Lorsque le bracelet indique que la puissance est insuffisante, veuillez connecter le chargeur ou l'ordinateur pour charger ; le cadre de la batterie sur l'\u00e9cran passe \u00e0 l'\u00e9tat de charge. Lorsque le bracelet est enti\u00e8rement charg\u00e9, le cadre de la batterie ne clignote pas et indique que la charge est termin\u00e9e.<br \/>\nTemps de charge : environ 2~3 heures ;<br \/>\nPour \u00e9viter une baisse des performances de la batterie, chargez-la r\u00e9guli\u00e8rement (pendant une longue p\u00e9riode, au moins une fois par mois).<br \/>\nCapteur de fr\u00e9quence cardiaque : Le voyant de fr\u00e9quence cardiaque clignote en continu lorsque la mesure de la fr\u00e9quence cardiaque est lanc\u00e9e.<br \/>\nCapteur de temp\u00e9rature : La fonction de mesure de la temp\u00e9rature dans le nuage permet de surveiller la temp\u00e9rature corporelle.<\/p>\n<p>Questions fr\u00e9quemment pos\u00e9es<br \/>\nQ : Que se passe-t-il si le bracelet meurt ou si d'autres conditions anormales rendent son utilisation impossible ?<br \/>\nR : En cas de situation anormale, maintenez le bouton de d\u00e9marrage enfonc\u00e9 pendant 15 secondes pour r\u00e9initialiser, puis red\u00e9marrez.<br \/>\nQ : Le bracelet recevra-t-il des appels et d'autres num\u00e9ros \u00e9tranges ?<br \/>\nR : Le bracelet a une fonction de limitation des appels. Seul le num\u00e9ro d\u00e9fini dans le r\u00e9pertoire t\u00e9l\u00e9phonique peut \u00eatre appel\u00e9, et le num\u00e9ro \u00e9trange peut \u00eatre automatiquement rejet\u00e9 pour \u00e9viter le harc\u00e8lement.<br \/>\nQ : La mesure de la temp\u00e9rature du bracelet n'est-elle pas pr\u00e9cise ?<br \/>\nR : Lors du premier port du bracelet, le temps de contact du capteur de temp\u00e9rature corporelle avec la peau est court et la temp\u00e9rature n'est pas compl\u00e8tement stable. Il est recommand\u00e9 de mesurer la temp\u00e9rature corporelle pendant plus de 5 minutes.<br \/>\nQ : La mesure de la fr\u00e9quence cardiaque du bracelet n'est-elle pas pr\u00e9cise ?<br \/>\nR : Il est n\u00e9cessaire de confirmer que l'\u00e9tat de port est bon. Pendant la mesure de la fr\u00e9quence cardiaque, restez silencieux et d\u00e9tendez-vous. La mesure pendant l'exercice physique peut entra\u00eener un \u00e9cart important de la valeur de la fr\u00e9quence cardiaque mesur\u00e9e.<br \/>\nQ : Le bracelet ne peut-il pas \u00eatre connect\u00e9 en coulisses ?<br \/>\nR : 1. le bracelet n'est pas \u00e9quip\u00e9 d'une carte SIM ou la carte SIM n'a pas de trafic, vous devez donc v\u00e9rifier si la carte SIM est normale ; 2. tournez la page vers le menu du code QR pour v\u00e9rifier si le num\u00e9ro de l'\u00e9quipement correspond au num\u00e9ro IMEI affich\u00e9 sur le corps ;<\/p>\n<p>Q : Le bracelet ne peut-il pas \u00eatre factur\u00e9 ?<br \/>\nR : 1. v\u00e9rifiez d'abord que la connexion du c\u00e2ble de chargement est normale et rebranchez le c\u00e2ble de chargement ; 2. v\u00e9rifiez que le bracelet peut \u00eatre mis en marche. S'il ne peut pas \u00eatre allum\u00e9, la tension de la batterie peut \u00eatre faible et le bracelet peut rester en \u00e9tat de charge pendant plus de 15 minutes ;<br \/>\nQ : Ne pouvez-vous pas utiliser le bracelet ?<br \/>\nR : 1) V\u00e9rifiez que la carte SIM est install\u00e9e et qu'elle prend en charge la fonction d'appel ;<br \/>\n2. v\u00e9rifiez si un num\u00e9ro de r\u00e9pertoire est d\u00e9fini sur la plate-forme, si le num\u00e9ro est synchronis\u00e9 sur la sonnerie, vous pouvez simplement ajouter le num\u00e9ro en arri\u00e8re-plan et l'enregistrer \u00e0 nouveau ;<br \/>\n3. consulter l'op\u00e9rateur pour savoir si la carte SIM ouvre la fonction Volte. Si ce n'est pas le cas, la fonction d'appel 4G HD ne sera pas utilis\u00e9e ; 4. v\u00e9rifier si la carte t\u00e9l\u00e9phonique est en retard ou bloqu\u00e9e, et recharger les frais de renouvellement.<\/p>\n<p>Q : Qu'en est-il de l'autonomie en veille du bracelet ? Combien de temps est-il charg\u00e9 ?<br \/>\nR : Le bracelet a \u00e9t\u00e9 test\u00e9 sans \u00e9cran, il peut rester en veille pendant plus de 3 jours ; en g\u00e9n\u00e9ral, une utilisation l\u00e9g\u00e8re dure environ 3 jours ; une utilisation mod\u00e9r\u00e9e dure environ 2 jours ; une utilisation intensive dure environ 1 jour (appel t\u00e9l\u00e9phonique de longue dur\u00e9e) ; une seule charge dure 2 \u00e0 3 jours dans des conditions normales d'utilisation.<br \/>\nQ : Le bracelet est-il \u00e9tanche ?<br \/>\nR : Le bracelet est imperm\u00e9able \u00e0 l'eau, il ne peut que pr\u00e9venir les \u00e9claboussures d'eau et doit \u00eatre s\u00e9ch\u00e9 \u00e0 temps. Il ne faut pas le tremper dans l'eau ou le mettre en contact avec une grande surface d'eau.<br \/>\nQ : Le bracelet emp\u00eache-t-il les chutes ?<br \/>\nR : Le bracelet est un produit \u00e9lectronique, il est pr\u00e9f\u00e9rable d'\u00e9viter les chutes et autres situations qui peuvent affecter les dispositifs internes.<\/p>\n<p>1\u3001Programme de la plate-forme:ASR1606<br \/>\n2\u3001Mode r\u00e9seau : r\u00e9seau complet, carte unique, veille unique<br \/>\n3\u3001Fr\u00e9quence du r\u00e9seau : LTE<br \/>\nB1\/3\/5\/7\/8\/12\/17\/20\/38\/39\/40\/41<br \/>\n4\u3001Storage:64Mbit+64Mbit<br \/>\n5, style de port : au poignet<br \/>\n6, Type de batterie : batterie polym\u00e8re<br \/>\n7, Capacit\u00e9 de la batterie : 450mAh<br \/>\n8, mode de charge : charge magn\u00e9tique<br \/>\n9, mat\u00e9riau de la sangle : peinture silicone en caoutchouc pulv\u00e9ris\u00e9<br \/>\n10, taille du corps : 50 * 31 * 16.5mm<br \/>\n11, Taille du bracelet : 195mm<br \/>\n12\u3001Poids net:43g<br \/>\n13, LCD : 1,1 \u00e9cran couleur TFT<\/p>\n<p><img fetchpriority=\"high\" decoding=\"async\" class=\"alignnone size-full wp-image-19046\" src=\"https:\/\/www.xsuniot.com\/wp-content\/uploads\/2025\/03\/p5.png\" alt=\"\" width=\"417\" height=\"241\" srcset=\"https:\/\/www.xsuniot.com\/wp-content\/uploads\/2025\/03\/p5.png 417w, https:\/\/www.xsuniot.com\/wp-content\/uploads\/2025\/03\/p5-400x231.png 400w, https:\/\/www.xsuniot.com\/wp-content\/uploads\/2025\/03\/p5-18x10.png 18w, https:\/\/www.xsuniot.com\/wp-content\/uploads\/2025\/03\/p5-150x87.png 150w\" sizes=\"(max-width: 417px) 100vw, 417px\" \/> <img decoding=\"async\" class=\"alignnone size-full wp-image-19047\" src=\"https:\/\/www.xsuniot.com\/wp-content\/uploads\/2025\/03\/p6.png\" alt=\"\" width=\"429\" height=\"212\" srcset=\"https:\/\/www.xsuniot.com\/wp-content\/uploads\/2025\/03\/p6.png 429w, https:\/\/www.xsuniot.com\/wp-content\/uploads\/2025\/03\/p6-400x198.png 400w, https:\/\/www.xsuniot.com\/wp-content\/uploads\/2025\/03\/p6-18x9.png 18w, https:\/\/www.xsuniot.com\/wp-content\/uploads\/2025\/03\/p6-150x74.png 150w\" sizes=\"(max-width: 429px) 100vw, 429px\" \/><\/p>\n<p>&nbsp;<\/p>\n<p><iframe title=\"Bracelet intelligent\" width=\"500\" height=\"281\" src=\"https:\/\/www.youtube.com\/embed\/t8oENozzmCM?feature=oembed\" frameborder=\"0\" allow=\"accelerometer; autoplay; clipboard-write; encrypted-media; gyroscope; picture-in-picture; web-share\" referrerpolicy=\"strict-origin-when-cross-origin\" allowfullscreen><\/iframe><\/p>","protected":false},"excerpt":{"rendered":"<p>D\u00e9tection de la temp\u00e9rature corporelle,<br \/>\nPositionnement GPS Beidou,<br \/>\nPositionnement WiFi,<br \/>\npodom\u00e8tre,<br \/>\nSOS,<br \/>\nsurveillance du sommeil,<br \/>\nrappel de m\u00e9dicaments<br \/>\nCarillon vocal,<br \/>\nrappel quotidien,<br \/>\nalarme s\u00e9dentaire,<br \/>\ncl\u00f4ture \u00e9lectronique,<br \/>\nPiste d'action,<br \/>\nalarme de batterie faible,<br \/>\npasser et recevoir des appels.<\/p>","protected":false},"featured_media":15746,"comment_status":"open","ping_status":"closed","template":"","meta":[],"product_brand":[],"product_cat":[107],"product_tag":[132],"class_list":{"0":"post-15745","1":"product","2":"type-product","3":"status-publish","4":"has-post-thumbnail","6":"product_cat-smart-bracelet","7":"product_tag-smart-bracelethealth-detection-motion-detection-tracking-location","9":"first","10":"instock","11":"shipping-taxable","12":"product-type-simple"},"_links":{"self":[{"href":"https:\/\/www.xsuniot.com\/fr\/wp-json\/wp\/v2\/product\/15745","targetHints":{"allow":["GET"]}}],"collection":[{"href":"https:\/\/www.xsuniot.com\/fr\/wp-json\/wp\/v2\/product"}],"about":[{"href":"https:\/\/www.xsuniot.com\/fr\/wp-json\/wp\/v2\/types\/product"}],"replies":[{"embeddable":true,"href":"https:\/\/www.xsuniot.com\/fr\/wp-json\/wp\/v2\/comments?post=15745"}],"version-history":[{"count":8,"href":"https:\/\/www.xsuniot.com\/fr\/wp-json\/wp\/v2\/product\/15745\/revisions"}],"predecessor-version":[{"id":19048,"href":"https:\/\/www.xsuniot.com\/fr\/wp-json\/wp\/v2\/product\/15745\/revisions\/19048"}],"wp:featuredmedia":[{"embeddable":true,"href":"https:\/\/www.xsuniot.com\/fr\/wp-json\/wp\/v2\/media\/15746"}],"wp:attachment":[{"href":"https:\/\/www.xsuniot.com\/fr\/wp-json\/wp\/v2\/media?parent=15745"}],"wp:term":[{"taxonomy":"product_brand","embeddable":true,"href":"https:\/\/www.xsuniot.com\/fr\/wp-json\/wp\/v2\/product_brand?post=15745"},{"taxonomy":"product_cat","embeddable":true,"href":"https:\/\/www.xsuniot.com\/fr\/wp-json\/wp\/v2\/product_cat?post=15745"},{"taxonomy":"product_tag","embeddable":true,"href":"https:\/\/www.xsuniot.com\/fr\/wp-json\/wp\/v2\/product_tag?post=15745"}],"curies":[{"name":"wp","href":"https:\/\/api.w.org\/{rel}","templated":true}]}}