{"id":15739,"date":"2025-03-18T19:34:34","date_gmt":"2025-03-18T11:34:34","guid":{"rendered":"https:\/\/test8.szime.com\/?post_type=product&#038;p=15739"},"modified":"2025-06-26T20:51:13","modified_gmt":"2025-06-26T12:51:13","slug":"4g-real-time-dashcam","status":"publish","type":"product","link":"https:\/\/www.xsuniot.com\/fr\/produit\/4g-real-time-dashcam\/","title":{"rendered":"Dashcam 4G en temps r\u00e9el"},"content":{"rendered":"<table id=\"tablepress-1\" class=\"tablepress tablepress-id-1\">\n<thead>\n<tr class=\"row-1\">\n\t<th class=\"column-1\">Sc\u00e9narios d'utilisation<\/th><th class=\"column-2\">d\u00e9lai d'ex\u00e9cution<\/th><th class=\"column-3\">MOQ<\/th><th class=\"column-4\">Aide \u00e0 la personnalisation<\/th><th class=\"column-5\">Service apr\u00e8s-vente<\/th><th class=\"column-6\">Informations sur l'emballage<\/th>\n<\/tr>\n<\/thead>\n<tbody class=\"row-striping row-hover\">\n<tr class=\"row-2\">\n\t<td class=\"column-1\">Voitures familiales, v\u00e9hicules de transport de marchandises, v\u00e9hicules logistiques, v\u00e9hicules sp\u00e9ciaux<\/td><td class=\"column-2\">Un mois pour la production sur mesure<\/td><td class=\"column-3\">10<\/td><td class=\"column-4\">oui<\/td><td class=\"column-5\">Garantie de 12 mois pour l'ensemble de la machine<\/td><td class=\"column-6\">23*11*7cm<\/td>\n<\/tr>\n<\/tbody>\n<\/table>\n<!-- #tablepress-1 from cache -->\n<p>*Connexion 4G et WiFi, r\u00e9solution 4K (3840\u00d72160)<br \/>\n*Module 4G, ARM A7 1.0GHz (4 Core) IPU, syst\u00e8me Linux 4.19<br \/>\n* Capteur Sony IMX415, 8,0 m\u00e9gapixels<br \/>\n* H.265, 4K+1080P double canal, 30 images par seconde, MP4<br \/>\n* WDR, super vision nocturne, avec capteur G<br \/>\n* Prise en charge maximale de la carte SD de 512 Go<br \/>\n* 4G+WiFi, vid\u00e9o en direct \u00e0 distance par application ou plateforme PC<br \/>\n* L'angle de vision ultra large de 155\u00b0 permet de capturer une plus grande partie de la route autour de vous.<br \/>\n*B\u00e9n\u00e9ficiez de services de localisation GPS gratuits<br \/>\n\" Prise en charge de la surveillance du stationnement, de l'enregistrement de la dur\u00e9e de vie<br \/>\n* Prise en charge de la protection contre les piles faibles<\/p>\n<p><img fetchpriority=\"high\" decoding=\"async\" class=\"alignnone size-full wp-image-19050\" src=\"https:\/\/www.xsuniot.com\/wp-content\/uploads\/2025\/03\/1750942137128.png\" alt=\"\" width=\"982\" height=\"490\" srcset=\"https:\/\/www.xsuniot.com\/wp-content\/uploads\/2025\/03\/1750942137128.png 982w, https:\/\/www.xsuniot.com\/wp-content\/uploads\/2025\/03\/1750942137128-400x200.png 400w, https:\/\/www.xsuniot.com\/wp-content\/uploads\/2025\/03\/1750942137128-768x383.png 768w, https:\/\/www.xsuniot.com\/wp-content\/uploads\/2025\/03\/1750942137128-18x9.png 18w, https:\/\/www.xsuniot.com\/wp-content\/uploads\/2025\/03\/1750942137128-430x215.png 430w, https:\/\/www.xsuniot.com\/wp-content\/uploads\/2025\/03\/1750942137128-700x349.png 700w, https:\/\/www.xsuniot.com\/wp-content\/uploads\/2025\/03\/1750942137128-150x75.png 150w\" sizes=\"(max-width: 982px) 100vw, 982px\" \/> <img decoding=\"async\" class=\"alignnone size-full wp-image-19051\" src=\"https:\/\/www.xsuniot.com\/wp-content\/uploads\/2025\/03\/1750942151654.png\" alt=\"\" width=\"991\" height=\"495\" srcset=\"https:\/\/www.xsuniot.com\/wp-content\/uploads\/2025\/03\/1750942151654.png 991w, https:\/\/www.xsuniot.com\/wp-content\/uploads\/2025\/03\/1750942151654-400x200.png 400w, https:\/\/www.xsuniot.com\/wp-content\/uploads\/2025\/03\/1750942151654-768x384.png 768w, https:\/\/www.xsuniot.com\/wp-content\/uploads\/2025\/03\/1750942151654-18x9.png 18w, https:\/\/www.xsuniot.com\/wp-content\/uploads\/2025\/03\/1750942151654-430x215.png 430w, https:\/\/www.xsuniot.com\/wp-content\/uploads\/2025\/03\/1750942151654-700x350.png 700w, https:\/\/www.xsuniot.com\/wp-content\/uploads\/2025\/03\/1750942151654-150x75.png 150w\" sizes=\"(max-width: 991px) 100vw, 991px\" \/><\/p>\n<p><iframe title=\"Vid\u00e9o Dashcam 4K Ultra HD\" width=\"500\" height=\"281\" src=\"https:\/\/www.youtube.com\/embed\/hqcTWk7oXw0?feature=oembed\" frameborder=\"0\" allow=\"accelerometer; autoplay; clipboard-write; encrypted-media; gyroscope; picture-in-picture; web-share\" referrerpolicy=\"strict-origin-when-cross-origin\" allowfullscreen><\/iframe><\/p>","protected":false},"excerpt":{"rendered":"<p>Diffusion en direct \u00e0 distance,<br \/>\nalbum de nuages,<br \/>\nlecture dans le nuage,<br \/>\nune cl\u00e9 pour retrouver la voiture,<br \/>\npiste de conduite,<br \/>\nparam\u00e8tres du nuage, etc.<\/p>","protected":false},"featured_media":15740,"comment_status":"open","ping_status":"closed","template":"","meta":[],"product_brand":[],"product_cat":[106],"product_tag":[136,138,137],"class_list":{"0":"post-15739","1":"product","2":"type-product","3":"status-publish","4":"has-post-thumbnail","6":"product_cat-4g-dashcam","7":"product_tag-4g-real-time-dashcamreal-time-location","8":"product_tag-live-video","9":"product_tag-video-playback","11":"first","12":"instock","13":"shipping-taxable","14":"product-type-simple"},"_links":{"self":[{"href":"https:\/\/www.xsuniot.com\/fr\/wp-json\/wp\/v2\/product\/15739","targetHints":{"allow":["GET"]}}],"collection":[{"href":"https:\/\/www.xsuniot.com\/fr\/wp-json\/wp\/v2\/product"}],"about":[{"href":"https:\/\/www.xsuniot.com\/fr\/wp-json\/wp\/v2\/types\/product"}],"replies":[{"embeddable":true,"href":"https:\/\/www.xsuniot.com\/fr\/wp-json\/wp\/v2\/comments?post=15739"}],"version-history":[{"count":19,"href":"https:\/\/www.xsuniot.com\/fr\/wp-json\/wp\/v2\/product\/15739\/revisions"}],"predecessor-version":[{"id":19052,"href":"https:\/\/www.xsuniot.com\/fr\/wp-json\/wp\/v2\/product\/15739\/revisions\/19052"}],"wp:featuredmedia":[{"embeddable":true,"href":"https:\/\/www.xsuniot.com\/fr\/wp-json\/wp\/v2\/media\/15740"}],"wp:attachment":[{"href":"https:\/\/www.xsuniot.com\/fr\/wp-json\/wp\/v2\/media?parent=15739"}],"wp:term":[{"taxonomy":"product_brand","embeddable":true,"href":"https:\/\/www.xsuniot.com\/fr\/wp-json\/wp\/v2\/product_brand?post=15739"},{"taxonomy":"product_cat","embeddable":true,"href":"https:\/\/www.xsuniot.com\/fr\/wp-json\/wp\/v2\/product_cat?post=15739"},{"taxonomy":"product_tag","embeddable":true,"href":"https:\/\/www.xsuniot.com\/fr\/wp-json\/wp\/v2\/product_tag?post=15739"}],"curies":[{"name":"wp","href":"https:\/\/api.w.org\/{rel}","templated":true}]}}