{"id":15777,"date":"2025-03-18T19:52:46","date_gmt":"2025-03-18T11:52:46","guid":{"rendered":"https:\/\/test8.szime.com\/?post_type=product&#038;p=15777"},"modified":"2025-06-26T20:59:09","modified_gmt":"2025-06-26T12:59:09","slug":"obd-tracking-diagnostics","status":"publish","type":"product","link":"https:\/\/www.xsuniot.com\/es\/producto\/obd-tracking-diagnostics\/","title":{"rendered":"Diagn\u00f3stico de seguimiento DAB"},"content":{"rendered":"<table id=\"tablepress-6\" class=\"tablepress tablepress-id-6\">\n<thead>\n<tr class=\"row-1\">\n\t<th class=\"column-1\">Escenarios de uso<\/th><th class=\"column-2\">plazo de entrega<\/th><th class=\"column-3\">MOQ<\/th><th class=\"column-4\">Apoyo a la personalizaci\u00f3n<\/th><th class=\"column-5\">Servicio posventa<\/th><th class=\"column-6\">Informaci\u00f3n sobre envases<\/th>\n<\/tr>\n<\/thead>\n<tbody class=\"row-striping row-hover\">\n<tr class=\"row-2\">\n\t<td class=\"column-1\">Vigilancia del autom\u00f3vil<br \/>\nSeguro de coche<br \/>\nDiagn\u00f3stico del autom\u00f3vil<br \/>\nGesti\u00f3n de veh\u00edculos privados<br \/>\nGesti\u00f3n de veh\u00edculos de empresa<br \/>\n<\/td><td class=\"column-2\">Un mes para la producci\u00f3n a medida<\/td><td class=\"column-3\">200<\/td><td class=\"column-4\">s\u00ed<\/td><td class=\"column-5\">12 meses de garant\u00eda para toda la m\u00e1quina<\/td><td class=\"column-6\">58*45 * 20mm<\/td>\n<\/tr>\n<\/tbody>\n<\/table>\n<!-- #tablepress-6 from cache -->\n<p>Localizador de sensores OBD integra m\u00f3dulo de comunicaci\u00f3n 4G, m\u00f3dulo GPS de alta precisi\u00f3n y m\u00f3dulo de diagn\u00f3stico OBD, sensor de aceleraci\u00f3n incorporado, es un terminal inteligente de seguridad del veh\u00edculo con comunicaci\u00f3n inal\u00e1mbrica y posicionamiento GPS.<br \/>\n\u2605El terminal es plug-and-play, no necesita personal profesional para realizar la autoinstalaci\u00f3n.<br \/>\n\u2605Con la plataforma especial de servicio de posicionamiento, los propietarios de veh\u00edculos pueden aplicar f\u00e1cilmente el seguimiento de posicionamiento, el antirrobo de veh\u00edculos, la reproducci\u00f3n de viajes, el diagn\u00f3stico de veh\u00edculos, la supervisi\u00f3n del comportamiento de conducci\u00f3n y otras funciones.<\/p>\n<p>Control del comportamiento al volante.<\/p>\n<p>Tras arrancar el veh\u00edculo, informar\u00e1 en tiempo real del r\u00e9gimen del motor, la velocidad del veh\u00edculo, el voltaje de la bater\u00eda, la apertura del acelerador, la carga del motor, la temperatura del refrigerante, el caudal de admisi\u00f3n de aire, la temperatura de admisi\u00f3n de aire, el \u00e1ngulo de avance del encendido, el consumo instant\u00e1neo de combustible, el consumo medio de combustible, el kilometraje actual, el consumo actual de combustible, el c\u00f3digo de aver\u00eda de consumo acumulado de combustible y el flujo de datos en tiempo real.<\/p>\n<p>Nota: La ubicaci\u00f3n de los puertos OBD var\u00eda de un veh\u00edculo a otro, el siguiente diagrama muestra las posibles ubicaciones de los puertos OBD, algunos veh\u00edculos tienen puertos OBD ocultos detr\u00e1s del deflector de pl\u00e1stico:<br \/>\nZona A: Sobre el pedal del embrague<br \/>\nZona B: Sobre el pedal del acelerador<br \/>\nZona C:Delante de la palanca de cambios en la consola central<br \/>\nD Zona:Detr\u00e1s de la palanca de cambios, delante del reposabrazos<br \/>\nZona E:Debajo de la guantera del acompa\u00f1ante<\/p>\n<p><img fetchpriority=\"high\" decoding=\"async\" class=\"alignnone size-full wp-image-19053\" src=\"https:\/\/www.xsuniot.com\/wp-content\/uploads\/2025\/03\/1750942690523.png\" alt=\"\" width=\"584\" height=\"228\" srcset=\"https:\/\/www.xsuniot.com\/wp-content\/uploads\/2025\/03\/1750942690523.png 584w, https:\/\/www.xsuniot.com\/wp-content\/uploads\/2025\/03\/1750942690523-400x156.png 400w, https:\/\/www.xsuniot.com\/wp-content\/uploads\/2025\/03\/1750942690523-18x7.png 18w, https:\/\/www.xsuniot.com\/wp-content\/uploads\/2025\/03\/1750942690523-430x168.png 430w, https:\/\/www.xsuniot.com\/wp-content\/uploads\/2025\/03\/1750942690523-150x59.png 150w\" sizes=\"(max-width: 584px) 100vw, 584px\" \/><\/p>\n<p>Especificaci\u00f3n tama\u00f1o 47mm*37mm*25mm sin tap\u00f3n<br \/>\nTensi\u00f3n de funcionamiento DC 9V~18V<br \/>\nCorriente de trabajo Media 25m metro A (ACC ON)<br \/>\nCorriente en espera 2,5m (ACC OFF) GSM en espera<br \/>\nBater\u00eda integrada Bater\u00eda de pol\u00edmero de litio de 50 mA<br \/>\nM\u00e9todo de posicionamiento Posicionamiento Beidou\/Posicionamiento GPS\/Posicionamiento estaci\u00f3n base<br \/>\nPrecisi\u00f3n de posicionamiento Error de posicionamiento GPS &lt;10m (el error de posicionamiento real est\u00e1 relacionado con el entorno regional del veh\u00edculo y la meteorolog\u00eda y otros factores).<br \/>\nEl error de posicionamiento de la estaci\u00f3n base depende de la informaci\u00f3n de cobertura actual de la estaci\u00f3n base.<br \/>\nRed de comunicaciones 4G LTE TDD\/FDD<br \/>\nM\u00e9todo de comunicaci\u00f3n Red TCP\/SMS<br \/>\nRadiofrecuencia B1,B3,B5,B8,B34,B38,B39,B40,B41<br \/>\nTemperatura de funcionamiento -20~+70\u00b0C<br \/>\nTemperatura de almacenamiento -30~+80\u00b0C<br \/>\nProtocolo DAB ISO9141<br \/>\nKWP2000_5BPS (ISO14230)<br \/>\nkwp2000_fast (iso14230)<br \/>\nCANBUS_11B_500K (ISO15765)<br \/>\nCANBUS_29B_500K (ISO15765)<br \/>\nCANBUS_11B_250K (ISO15765)<br \/>\nCANBUS_29B_250K (ISO15765)<\/p>\n<p>Descargo de responsabilidad: Todas las especificaciones de este documento se basan en pruebas realizadas en un entorno despejado, abierto y sin obst\u00e1culos a una temperatura de +25 grados Celsius.<\/p>\n<p><img decoding=\"async\" class=\"alignnone size-full wp-image-18962\" src=\"https:\/\/www.xsuniot.com\/wp-content\/uploads\/2025\/03\/1745479065907.png\" alt=\"\" width=\"564\" height=\"610\" srcset=\"https:\/\/www.xsuniot.com\/wp-content\/uploads\/2025\/03\/1745479065907.png 564w, https:\/\/www.xsuniot.com\/wp-content\/uploads\/2025\/03\/1745479065907-277x300.png 277w, https:\/\/www.xsuniot.com\/wp-content\/uploads\/2025\/03\/1745479065907-11x12.png 11w, https:\/\/www.xsuniot.com\/wp-content\/uploads\/2025\/03\/1745479065907-430x465.png 430w, https:\/\/www.xsuniot.com\/wp-content\/uploads\/2025\/03\/1745479065907-150x162.png 150w\" sizes=\"(max-width: 564px) 100vw, 564px\" \/> <img decoding=\"async\" class=\"alignnone wp-image-18963\" src=\"https:\/\/www.xsuniot.com\/wp-content\/uploads\/2025\/03\/H2a33b5c80a4042048d6d9103b0c5897fB.jpg\" alt=\"\" width=\"591\" height=\"591\" srcset=\"https:\/\/www.xsuniot.com\/wp-content\/uploads\/2025\/03\/H2a33b5c80a4042048d6d9103b0c5897fB.jpg 1000w, https:\/\/www.xsuniot.com\/wp-content\/uploads\/2025\/03\/H2a33b5c80a4042048d6d9103b0c5897fB-300x300.jpg 300w, https:\/\/www.xsuniot.com\/wp-content\/uploads\/2025\/03\/H2a33b5c80a4042048d6d9103b0c5897fB-800x800.jpg 800w, https:\/\/www.xsuniot.com\/wp-content\/uploads\/2025\/03\/H2a33b5c80a4042048d6d9103b0c5897fB-150x150.jpg 150w, https:\/\/www.xsuniot.com\/wp-content\/uploads\/2025\/03\/H2a33b5c80a4042048d6d9103b0c5897fB-768x768.jpg 768w, https:\/\/www.xsuniot.com\/wp-content\/uploads\/2025\/03\/H2a33b5c80a4042048d6d9103b0c5897fB-12x12.jpg 12w, https:\/\/www.xsuniot.com\/wp-content\/uploads\/2025\/03\/H2a33b5c80a4042048d6d9103b0c5897fB-430x430.jpg 430w, https:\/\/www.xsuniot.com\/wp-content\/uploads\/2025\/03\/H2a33b5c80a4042048d6d9103b0c5897fB-700x700.jpg 700w\" sizes=\"(max-width: 591px) 100vw, 591px\" \/><\/p>","protected":false},"excerpt":{"rendered":"<p>* Control del comportamiento al volante;<br \/>\n* OBD2 diagnostics;\uff08ISO9141-2\uff0cKWP2000_5BPS\uff0cKWP2000_FAST\uff0cISO15765\uff09<br \/>\n* Seguimiento en tiempo real;<br \/>\n* Reproducci\u00f3n hist\u00f3rica de pistas;<br \/>\n* Alarma de fallo de alimentaci\u00f3n;<br \/>\n* Detecci\u00f3n ACC;<br \/>\n* Alarma de caducidad del seguro;<br \/>\n* Geofencing;<br \/>\n* Aviso de fatiga al volante;<br \/>\n* Alarma vibratoria de advertencia de exceso de velocidad;<br \/>\n* Alertas de colisi\u00f3n.<\/p>","protected":false},"featured_media":18950,"comment_status":"open","ping_status":"closed","template":"","meta":[],"product_brand":[],"product_cat":[110],"product_tag":[143,142,141,139,140],"class_list":{"0":"post-15777","1":"product","2":"type-product","3":"status-publish","4":"has-post-thumbnail","6":"product_cat-obd-tracking-diagnostics","7":"product_tag-driving-behaviour-analysis","8":"product_tag-fault-diagnosis","9":"product_tag-fence-alarm","10":"product_tag-obd-tracking-diagnosticsreal-time-positioning","11":"product_tag-track-playback","13":"first","14":"instock","15":"shipping-taxable","16":"product-type-simple"},"_links":{"self":[{"href":"https:\/\/www.xsuniot.com\/es\/wp-json\/wp\/v2\/product\/15777","targetHints":{"allow":["GET"]}}],"collection":[{"href":"https:\/\/www.xsuniot.com\/es\/wp-json\/wp\/v2\/product"}],"about":[{"href":"https:\/\/www.xsuniot.com\/es\/wp-json\/wp\/v2\/types\/product"}],"replies":[{"embeddable":true,"href":"https:\/\/www.xsuniot.com\/es\/wp-json\/wp\/v2\/comments?post=15777"}],"version-history":[{"count":11,"href":"https:\/\/www.xsuniot.com\/es\/wp-json\/wp\/v2\/product\/15777\/revisions"}],"predecessor-version":[{"id":19054,"href":"https:\/\/www.xsuniot.com\/es\/wp-json\/wp\/v2\/product\/15777\/revisions\/19054"}],"wp:featuredmedia":[{"embeddable":true,"href":"https:\/\/www.xsuniot.com\/es\/wp-json\/wp\/v2\/media\/18950"}],"wp:attachment":[{"href":"https:\/\/www.xsuniot.com\/es\/wp-json\/wp\/v2\/media?parent=15777"}],"wp:term":[{"taxonomy":"product_brand","embeddable":true,"href":"https:\/\/www.xsuniot.com\/es\/wp-json\/wp\/v2\/product_brand?post=15777"},{"taxonomy":"product_cat","embeddable":true,"href":"https:\/\/www.xsuniot.com\/es\/wp-json\/wp\/v2\/product_cat?post=15777"},{"taxonomy":"product_tag","embeddable":true,"href":"https:\/\/www.xsuniot.com\/es\/wp-json\/wp\/v2\/product_tag?post=15777"}],"curies":[{"name":"wp","href":"https:\/\/api.w.org\/{rel}","templated":true}]}}