{"id":15767,"date":"2025-03-18T19:51:11","date_gmt":"2025-03-18T11:51:11","guid":{"rendered":"https:\/\/test8.szime.com\/?post_type=product&#038;p=15767"},"modified":"2025-06-26T20:23:45","modified_gmt":"2025-06-26T12:23:45","slug":"ai-smart-dashcam","status":"publish","type":"product","link":"https:\/\/www.xsuniot.com\/es\/producto\/ai-smart-dashcam\/","title":{"rendered":"Dashcam inteligente con IA"},"content":{"rendered":"<table id=\"tablepress-5\" class=\"tablepress tablepress-id-5\">\n<thead>\n<tr class=\"row-1\">\n\t<th class=\"column-1\">Escenarios de uso<\/th><th class=\"column-2\">plazo de entrega<\/th><th class=\"column-3\">MOQ<\/th><th class=\"column-4\">Apoyo a la personalizaci\u00f3n<\/th><th class=\"column-5\">Servicio posventa<\/th><th class=\"column-6\">Informaci\u00f3n sobre envases<\/th>\n<\/tr>\n<\/thead>\n<tbody class=\"row-striping row-hover\">\n<tr class=\"row-2\">\n\t<td class=\"column-1\">Autobuses escolares, netbook, taxis, flotas log\u00edsticas, gesti\u00f3n de flotas<\/td><td class=\"column-2\">Un mes para la producci\u00f3n a medida<\/td><td class=\"column-3\">50<\/td><td class=\"column-4\">s\u00ed<\/td><td class=\"column-5\">12 meses de garant\u00eda para toda la m\u00e1quina<\/td><td class=\"column-6\"><\/td>\n<\/tr>\n<\/tbody>\n<\/table>\n<!-- #tablepress-5 from cache -->\n<p>Se trata de un completo producto de seguridad activa para autom\u00f3viles que integra posicionamiento por sat\u00e9lite, supervisi\u00f3n por v\u00eddeo, seguridad activa y otras funciones. El producto satisface las necesidades de supervisi\u00f3n y gesti\u00f3n de flotas, seguridad en la conducci\u00f3n y regulaci\u00f3n del comportamiento al volante. Basadas en tecnolog\u00eda avanzada de aprendizaje profundo, las funciones de seguridad activa -Sistema Avanzado de Asistencia al Conductor (ADAS), Sistema de Monitorizaci\u00f3n del Conductor (DMS), Asistente de Cambio de Carril (LCA) y otros algoritmos inteligentes- pueden aplicarse a escenarios de conducci\u00f3n complejos para mejorar la seguridad y la eficiencia de la conducci\u00f3n de tr\u00e1fico y mejorar la experiencia general del usuario. La tecnolog\u00eda de inteligencia artificial integrada en el proceso de conducci\u00f3n del veh\u00edculo puede regular a\u00fan m\u00e1s el comportamiento seguro de los conductores.<br \/>\nEl producto es compatible con los protocolos JT\/T808, JT\/T905, JT\/T1078 y otros protocolos ministeriales est\u00e1ndar, lo que satisface las necesidades de monitorizaci\u00f3n y gesti\u00f3n por v\u00eddeo y normalizaci\u00f3n del comportamiento de conducci\u00f3n de las flotas de veh\u00edculos de red, taxis y log\u00edstica.<\/p>\n<p><img fetchpriority=\"high\" decoding=\"async\" class=\"alignnone  wp-image-19042\" src=\"https:\/\/www.xsuniot.com\/wp-content\/uploads\/2025\/03\/AI-DASHCAM-2.jpg\" alt=\"\" width=\"377\" height=\"377\" srcset=\"https:\/\/www.xsuniot.com\/wp-content\/uploads\/2025\/03\/AI-DASHCAM-2.jpg 720w, https:\/\/www.xsuniot.com\/wp-content\/uploads\/2025\/03\/AI-DASHCAM-2-300x300.jpg 300w, https:\/\/www.xsuniot.com\/wp-content\/uploads\/2025\/03\/AI-DASHCAM-2-150x150.jpg 150w, https:\/\/www.xsuniot.com\/wp-content\/uploads\/2025\/03\/AI-DASHCAM-2-12x12.jpg 12w, https:\/\/www.xsuniot.com\/wp-content\/uploads\/2025\/03\/AI-DASHCAM-2-430x430.jpg 430w, https:\/\/www.xsuniot.com\/wp-content\/uploads\/2025\/03\/AI-DASHCAM-2-700x700.jpg 700w\" sizes=\"(max-width: 377px) 100vw, 377px\" \/> <img decoding=\"async\" class=\"alignnone  wp-image-19043\" src=\"https:\/\/www.xsuniot.com\/wp-content\/uploads\/2025\/03\/AI-DASHCAM-3.jpg\" alt=\"\" width=\"377\" height=\"377\" srcset=\"https:\/\/www.xsuniot.com\/wp-content\/uploads\/2025\/03\/AI-DASHCAM-3.jpg 720w, https:\/\/www.xsuniot.com\/wp-content\/uploads\/2025\/03\/AI-DASHCAM-3-300x300.jpg 300w, https:\/\/www.xsuniot.com\/wp-content\/uploads\/2025\/03\/AI-DASHCAM-3-150x150.jpg 150w, https:\/\/www.xsuniot.com\/wp-content\/uploads\/2025\/03\/AI-DASHCAM-3-12x12.jpg 12w, https:\/\/www.xsuniot.com\/wp-content\/uploads\/2025\/03\/AI-DASHCAM-3-430x430.jpg 430w, https:\/\/www.xsuniot.com\/wp-content\/uploads\/2025\/03\/AI-DASHCAM-3-700x700.jpg 700w\" sizes=\"(max-width: 377px) 100vw, 377px\" \/><\/p>\n<p>El dispositivo utiliza tecnolog\u00eda de visi\u00f3n artificial basada en an\u00e1lisis de v\u00eddeo para identificar autom\u00e1ticamente los riesgos viales y los comportamientos inseguros de los conductores. Cualquier evento detectado activa una alarma sonora para alertar al conductor en tiempo real, y estos eventos tambi\u00e9n se sincronizan con la plataforma.<br \/>\nNota: La funci\u00f3n AI debe calibrarse y configurarse de acuerdo con las instrucciones de instalaci\u00f3n y funcionamiento, de lo contrario, la precisi\u00f3n de la funci\u00f3n AI puede verse afectada.<br \/>\nCondiciones de activaci\u00f3n del algoritmo de alerta: velocidad de activaci\u00f3n superior a 30 km\/h<br \/>\nPrueba en exteriores: aseg\u00farate de que el dispositivo est\u00e1 conectado a la antena GPS, utilizando la velocidad GPS<br \/>\nPrueba en interiores:<br \/>\nM\u00e9todo 1 Despu\u00e9s de conectarse a la APP del tel\u00e9fono m\u00f3vil, vaya a la configuraci\u00f3n de la grabadora - haga clic en la versi\u00f3n del firmware durante 1 vez para indicar que la velocidad anal\u00f3gica se ha encendido - el dispositivo se reinicia para ser restaurado.<br \/>\nM\u00e9todo 2 Ponga el texto de velocidad anal\u00f3gica en el directorio ra\u00edz de la tarjeta T - inserte el dispositivo - prompt velocidad anal\u00f3gica se ha encendido - reinicio del dispositivo para que surta efecto.<\/p>\n<p>&nbsp;<\/p>\n<p>Admite varios v\u00eddeos de alta definici\u00f3n.<br \/>\nAdmite transmisi\u00f3n de datos por Internet 4G y posicionamiento.<br \/>\nSoporte de voz para intercomunicaci\u00f3n\/escucha<br \/>\nPosicionamiento remoto en tiempo real y reproducci\u00f3n de trayectorias<br \/>\nV\u00eddeo y reproducci\u00f3n remotos en tiempo real<br \/>\nCarga de v\u00eddeo de alarma AI<br \/>\nAdmite la calibraci\u00f3n de identificaci\u00f3n autom\u00e1tica ADAS\/DMS.<br \/>\nSistemas avanzados de asistencia al conductor (ADAS)<br \/>\nFunci\u00f3n de control del comportamiento del conductor (DSM)<br \/>\nAdmite ajustes de volante izquierdo y derecho DMS.<br \/>\nAdmite DMS del conductor y videovigilancia integrada en el veh\u00edculo.<br \/>\nRS232\/IO y otras extensiones<\/p>\n<p>El paquete contiene los siguientes elementos:<br \/>\n1.AI 4G Dashcam dispositivo (doble c\u00e1mara de grabaci\u00f3n)<br \/>\n2.Bot\u00f3n SOS<br \/>\n3.Antena GPS<br \/>\n4.T-tarjeta bisel, bisel tornillos peque\u00f1os x2, c\u00e1mara de bloqueo tornillos grandes x2<br \/>\n5.Soporte de la tarjeta SIM y pasador de extracci\u00f3n de la tarjeta<br \/>\n6.Cable de alimentaci\u00f3n<br \/>\n7.C\u00e1mara opcional del tercer canal<\/p>\n<p><iframe title=\"AI DASHCAM\" width=\"500\" height=\"375\" src=\"https:\/\/www.youtube.com\/embed\/4bCDYh8rC5Y?feature=oembed\" frameborder=\"0\" allow=\"accelerometer; autoplay; clipboard-write; encrypted-media; gyroscope; picture-in-picture; web-share\" referrerpolicy=\"strict-origin-when-cross-origin\" allowfullscreen><\/iframe><\/p>","protected":false},"excerpt":{"rendered":"<p>1\u3001 Sistema LINUX;<br \/>\n2\u3001Soporta redes 4G y posicionamiento por sat\u00e9lite;<br \/>\n3\u3001Support la parte delantera del coche, el coche de doble canal de v\u00eddeo integrado<br \/>\n4\u3001Soporta el protocolo est\u00e1ndar del ministerio 808+1078;<br \/>\n5\u3001 admiten v\u00eddeo en tiempo real, reproducci\u00f3n de v\u00eddeo hist\u00f3rico, alarma de emergencia y otras funciones;<br \/>\n6\u3001Soporta ADAS\/DMS y otros algoritmos de IA;<br \/>\n7\u3001la mayor compatibilidad con v\u00eddeo 1080P de doble canal (con versi\u00f3n de algoritmo para 720P de 2 v\u00edas)<\/p>","protected":false},"featured_media":15769,"comment_status":"open","ping_status":"closed","template":"","meta":[],"product_brand":[],"product_cat":[109],"product_tag":[133,135,134],"class_list":{"0":"post-15767","1":"product","2":"type-product","3":"status-publish","4":"has-post-thumbnail","6":"product_cat-ai-smart-dashcam","7":"product_tag-ai-smart-dashcamfatigue-alarm","8":"product_tag-lane-departure-alarm","9":"product_tag-smoking-alarm","11":"first","12":"instock","13":"shipping-taxable","14":"product-type-simple"},"_links":{"self":[{"href":"https:\/\/www.xsuniot.com\/es\/wp-json\/wp\/v2\/product\/15767","targetHints":{"allow":["GET"]}}],"collection":[{"href":"https:\/\/www.xsuniot.com\/es\/wp-json\/wp\/v2\/product"}],"about":[{"href":"https:\/\/www.xsuniot.com\/es\/wp-json\/wp\/v2\/types\/product"}],"replies":[{"embeddable":true,"href":"https:\/\/www.xsuniot.com\/es\/wp-json\/wp\/v2\/comments?post=15767"}],"version-history":[{"count":6,"href":"https:\/\/www.xsuniot.com\/es\/wp-json\/wp\/v2\/product\/15767\/revisions"}],"predecessor-version":[{"id":19041,"href":"https:\/\/www.xsuniot.com\/es\/wp-json\/wp\/v2\/product\/15767\/revisions\/19041"}],"wp:featuredmedia":[{"embeddable":true,"href":"https:\/\/www.xsuniot.com\/es\/wp-json\/wp\/v2\/media\/15769"}],"wp:attachment":[{"href":"https:\/\/www.xsuniot.com\/es\/wp-json\/wp\/v2\/media?parent=15767"}],"wp:term":[{"taxonomy":"product_brand","embeddable":true,"href":"https:\/\/www.xsuniot.com\/es\/wp-json\/wp\/v2\/product_brand?post=15767"},{"taxonomy":"product_cat","embeddable":true,"href":"https:\/\/www.xsuniot.com\/es\/wp-json\/wp\/v2\/product_cat?post=15767"},{"taxonomy":"product_tag","embeddable":true,"href":"https:\/\/www.xsuniot.com\/es\/wp-json\/wp\/v2\/product_tag?post=15767"}],"curies":[{"name":"wp","href":"https:\/\/api.w.org\/{rel}","templated":true}]}}