{"id":15758,"date":"2025-03-18T19:48:51","date_gmt":"2025-03-18T11:48:51","guid":{"rendered":"https:\/\/test8.szime.com\/?post_type=product&#038;p=15758"},"modified":"2025-06-26T21:28:28","modified_gmt":"2025-06-26T13:28:28","slug":"pet-tracker","status":"publish","type":"product","link":"https:\/\/www.xsuniot.com\/es\/producto\/pet-tracker\/","title":{"rendered":"Rastreador de mascotas"},"content":{"rendered":"<table id=\"tablepress-3\" class=\"tablepress tablepress-id-3\">\n<thead>\n<tr class=\"row-1\">\n\t<th class=\"column-1\">Escenarios de uso<\/th><th class=\"column-2\">plazo de entrega<\/th><th class=\"column-3\">MOQ<\/th><th class=\"column-4\">Apoyo a la personalizaci\u00f3n<\/th><th class=\"column-5\">Servicio posventa<\/th><th class=\"column-6\">Informaci\u00f3n sobre envases<\/th>\n<\/tr>\n<\/thead>\n<tbody class=\"row-striping row-hover\">\n<tr class=\"row-2\">\n\t<td class=\"column-1\">Para gatos, perros y otros animales de compa\u00f1\u00eda<br \/>\n<\/td><td class=\"column-2\">Un mes para la producci\u00f3n a medida<\/td><td class=\"column-3\">50<\/td><td class=\"column-4\">s\u00ed<\/td><td class=\"column-5\">12 meses de garant\u00eda para toda la m\u00e1quina<\/td><td class=\"column-6\"><\/td>\n<\/tr>\n<\/tbody>\n<\/table>\n<!-- #tablepress-3 from cache -->\n<p>XS-59 es un terminal de posicionamiento de mascotas 4G full netcom cuidadosamente dise\u00f1ado para mascotas, que integra la tecnolog\u00eda de comunicaci\u00f3n inal\u00e1mbrica 4G full netcom y la tecnolog\u00eda de navegaci\u00f3n y posicionamiento por sat\u00e9lite GPS\/BDS. El terminal adopta un dise\u00f1o de antena de grado industrial, altamente integrado y totalmente integrado, y el dispositivo est\u00e1 equipado con un sensor de 3 ejes que ahorra energ\u00eda de forma inteligente y se despierta para trabajar. Ofrece funciones como seguimiento de la ubicaci\u00f3n en tiempo real, alerta por vibraci\u00f3n, b\u00fasqueda de mascotas por luz, b\u00fasqueda de mascotas por zumbador y posicionamiento por llamada. Con la plataforma de servicios de posicionamiento global, se puede consultar la ubicaci\u00f3n del dispositivo en cualquier momento y lugar.<\/p>\n<p>L\u00f3gica de trabajo<br \/>\n\u2460Estado Explicaci\u00f3n:<br \/>\nEstado de encendido\/apagado: El dispositivo puede encenderse o apagarse manteniendo pulsado el bot\u00f3n durante tres segundos. Despu\u00e9s de apagarlo manteniendo pulsado durante tres segundos, no cargar\u00e1 ning\u00fan dato.<br \/>\nEstado de funcionamiento: La luz indicadora del dispositivo est\u00e1 encendida, y tanto el m\u00f3dulo de red como el m\u00f3dulo de posicionamiento est\u00e1n en estado de funcionamiento.<br \/>\nEstado de espera: El m\u00f3dulo de red del dispositivo est\u00e1 activo (manteniendo la plataforma en l\u00ednea, permitiendo comandos y SMS sin conexi\u00f3n), pero el m\u00f3dulo de posicionamiento est\u00e1 inactivo.<br \/>\n\u2461Modo de trabajo Explicaci\u00f3n:<br \/>\nPosicionamiento continuo: El dispositivo est\u00e1 en el estado de trabajo por defecto, actualizando su posici\u00f3n cada 30 segundos.<br \/>\nModo normal: el dispositivo est\u00e1 en estado de espera por defecto. Durante el periodo de espera, si se detecta alguna vibraci\u00f3n, el dispositivo entrar\u00e1 en estado de trabajo y actualizar\u00e1 su posici\u00f3n cada 10 minutos; si no se detecta ninguna vibraci\u00f3n, el dispositivo permanecer\u00e1 en estado de espera.<br \/>\nEl equipo est\u00e1 en modo de espera por defecto. Durante este periodo, si se detecta vibraci\u00f3n, entrar\u00e1 en estado de trabajo cada hora para actualizar su ubicaci\u00f3n. Si no se detecta ninguna vibraci\u00f3n, permanecer\u00e1 en modo de espera.<br \/>\nPor defecto, el dispositivo est\u00e1 en modo de espera. Durante este periodo, si detecta una vibraci\u00f3n, entrar\u00e1 en estado de trabajo para actualizar su posici\u00f3n cada 12 horas. Si no detecta ninguna vibraci\u00f3n, permanecer\u00e1 en modo de espera.<br \/>\n\u2462Alarma de vibraci\u00f3n Explicaci\u00f3n:<br \/>\nDespu\u00e9s de que la plataforma env\u00ede la orden de armado, el dispositivo entra en estado armado tras tres minutos de quietud. Al detectar vibraci\u00f3n, carga una alarma de vibraci\u00f3n. El estado de armado solo se activa una vez.<\/p>\n<p>\uf06cGPS+BDS+AGPS+WiFi+LBS Multiposicionamiento;<br \/>\n\uf06cSupports funci\u00f3n de valla electr\u00f3nica, que permite a los usuarios establecer vallas electr\u00f3nicas virtuales a trav\u00e9s de la plataforma\/APP. La plataforma puede reconocer y enviar alertas cuando el dispositivo entra o sale de la valla;<br \/>\n\uf06cCapable de env\u00edo de SMS de alarma\/llamadas telef\u00f3nicas a los n\u00fameros de los guardianes en caso de alarma, con las alarmas cargadas simult\u00e1neamente en la plataforma;<br \/>\nEl terminal \uf06cThe adopta un m\u00f3dulo 4G industrial de alta estabilidad de fabricantes de renombre, con antenas LTE de alta sensibilidad incorporadas, compatible con la transmisi\u00f3n de datos TCP\/IP y la conexi\u00f3n a servidores a trav\u00e9s de nombres de dominio\/direcciones IP;<br \/>\n\uf06cEquipped con un chip de almacenamiento de alta capacidad, que admite el almacenamiento de datos en modo sin conexi\u00f3n y la retransmisi\u00f3n de datos perdidos en zonas ciegas. Cuando la mascota se encuentra en una zona con se\u00f1ales inal\u00e1mbricas d\u00e9biles o interferencias graves, los datos del movimiento de la mascota se almacenan temporalmente en la memoria FLASH. Cuando la se\u00f1al inal\u00e1mbrica vuelve a la normalidad, los datos pueden retransmitirse para garantizar que no se pierda ning\u00fan dato;<br \/>\n\uf06cBuilt-sensor de aceleraci\u00f3n de 3 ejes, que integra algoritmos de aceleraci\u00f3n precisos, para la adquisici\u00f3n y evaluaci\u00f3n en tiempo real de la postura actual de la mascota;<br \/>\n\uf06cHigh M\u00f3dulo de posicionamiento por sat\u00e9lite dual GPS\/BDS con antena cer\u00e1mica antiinterferencias, que consigue una recepci\u00f3n de se\u00f1al de sat\u00e9lite m\u00e1s estable y admite el posicionamiento y seguimiento r\u00e1pidos AGPS, as\u00ed como el servicio de sincronizaci\u00f3n horaria;<br \/>\n\uf06cSupports actualizaciones remotas en l\u00ednea y configuraci\u00f3n remota de los par\u00e1metros del producto.<\/p>\n<p><img fetchpriority=\"high\" decoding=\"async\" class=\"alignnone wp-image-18898 size-full\" src=\"https:\/\/www.xsuniot.com\/wp-content\/uploads\/2025\/04\/O1CN01AEua631aMJkriOlLK_2210390603315-0-cib-e1744812462770.jpg\" alt=\"PET Tracker\" width=\"443\" height=\"514\" srcset=\"https:\/\/www.xsuniot.com\/wp-content\/uploads\/2025\/04\/O1CN01AEua631aMJkriOlLK_2210390603315-0-cib-e1744812462770.jpg 443w, https:\/\/www.xsuniot.com\/wp-content\/uploads\/2025\/04\/O1CN01AEua631aMJkriOlLK_2210390603315-0-cib-e1744812462770-259x300.jpg 259w, https:\/\/www.xsuniot.com\/wp-content\/uploads\/2025\/04\/O1CN01AEua631aMJkriOlLK_2210390603315-0-cib-e1744812462770-10x12.jpg 10w, https:\/\/www.xsuniot.com\/wp-content\/uploads\/2025\/04\/O1CN01AEua631aMJkriOlLK_2210390603315-0-cib-e1744812462770-430x499.jpg 430w, https:\/\/www.xsuniot.com\/wp-content\/uploads\/2025\/04\/O1CN01AEua631aMJkriOlLK_2210390603315-0-cib-e1744812462770-150x174.jpg 150w\" sizes=\"(max-width: 443px) 100vw, 443px\" \/><\/p>","protected":false},"excerpt":{"rendered":"<p>posicionamiento en tiempo real,<\/p>\n<p>Alarma por vibraci\u00f3n,<\/p>\n<p>b\u00fasqueda ligera de mascotas<\/p>\n<p>sonido buscando mascotas,<\/p>\n<p>denominaci\u00f3n y posicionamiento.<\/p>","protected":false},"featured_media":15872,"comment_status":"open","ping_status":"closed","template":"","meta":[],"product_brand":[],"product_cat":[108],"product_tag":[125,127,83,126],"class_list":{"0":"post-15758","1":"product","2":"type-product","3":"status-publish","4":"has-post-thumbnail","6":"product_cat-pet-tracker","7":"product_tag-cat-tracker","8":"product_tag-dog-tracker","9":"product_tag-pet-locator","10":"product_tag-pet-tracker","12":"first","13":"instock","14":"shipping-taxable","15":"product-type-simple"},"_links":{"self":[{"href":"https:\/\/www.xsuniot.com\/es\/wp-json\/wp\/v2\/product\/15758","targetHints":{"allow":["GET"]}}],"collection":[{"href":"https:\/\/www.xsuniot.com\/es\/wp-json\/wp\/v2\/product"}],"about":[{"href":"https:\/\/www.xsuniot.com\/es\/wp-json\/wp\/v2\/types\/product"}],"replies":[{"embeddable":true,"href":"https:\/\/www.xsuniot.com\/es\/wp-json\/wp\/v2\/comments?post=15758"}],"version-history":[{"count":7,"href":"https:\/\/www.xsuniot.com\/es\/wp-json\/wp\/v2\/product\/15758\/revisions"}],"predecessor-version":[{"id":19055,"href":"https:\/\/www.xsuniot.com\/es\/wp-json\/wp\/v2\/product\/15758\/revisions\/19055"}],"wp:featuredmedia":[{"embeddable":true,"href":"https:\/\/www.xsuniot.com\/es\/wp-json\/wp\/v2\/media\/15872"}],"wp:attachment":[{"href":"https:\/\/www.xsuniot.com\/es\/wp-json\/wp\/v2\/media?parent=15758"}],"wp:term":[{"taxonomy":"product_brand","embeddable":true,"href":"https:\/\/www.xsuniot.com\/es\/wp-json\/wp\/v2\/product_brand?post=15758"},{"taxonomy":"product_cat","embeddable":true,"href":"https:\/\/www.xsuniot.com\/es\/wp-json\/wp\/v2\/product_cat?post=15758"},{"taxonomy":"product_tag","embeddable":true,"href":"https:\/\/www.xsuniot.com\/es\/wp-json\/wp\/v2\/product_tag?post=15758"}],"curies":[{"name":"wp","href":"https:\/\/api.w.org\/{rel}","templated":true}]}}