{"id":15745,"date":"2025-03-18T19:37:15","date_gmt":"2025-03-18T11:37:15","guid":{"rendered":"https:\/\/test8.szime.com\/?post_type=product&#038;p=15745"},"modified":"2025-06-26T20:43:28","modified_gmt":"2025-06-26T12:43:28","slug":"smart-bracelet","status":"publish","type":"product","link":"https:\/\/www.xsuniot.com\/es\/producto\/smart-bracelet\/","title":{"rendered":"Pulsera inteligente"},"content":{"rendered":"<table id=\"tablepress-2\" class=\"tablepress tablepress-id-2\">\n<thead>\n<tr class=\"row-1\">\n\t<th class=\"column-1\">Escenarios de uso<\/th><th class=\"column-2\">plazo de entrega<\/th><th class=\"column-3\">MOQ<\/th><th class=\"column-4\">Apoyo a la personalizaci\u00f3n<\/th><th class=\"column-5\">Servicio posventa<\/th><th class=\"column-6\">Informaci\u00f3n sobre envases<\/th>\n<\/tr>\n<\/thead>\n<tbody class=\"row-striping row-hover\">\n<tr class=\"row-2\">\n\t<td class=\"column-1\">(Aplicable a escuelas primarias y secundarias, instituciones de bienestar infantil, residencias de ancianos, CDC, suscripci\u00f3n abierta comunitaria)<\/td><td class=\"column-2\">Un mes para la producci\u00f3n a medida<\/td><td class=\"column-3\">100<\/td><td class=\"column-4\">s\u00ed<\/td><td class=\"column-5\">12 meses de garant\u00eda para toda la m\u00e1quina<\/td><td class=\"column-6\">Tama\u00f1o del cuerpo principal:50*31*16,5 mm<br \/>\nTama\u00f1o de la correa:195 mm<br \/>\nPeso neto:43g<\/td>\n<\/tr>\n<\/tbody>\n<\/table>\n<!-- #tablepress-2 from cache -->\n<p>Introducci\u00f3n a las funciones b\u00e1sicas<br \/>\nBot\u00f3n de ayuda de emergencia: pulsaci\u00f3n larga para marcar el n\u00famero SOS durante 3 segundos (sin n\u00famero SOS); pulsaci\u00f3n corta para informar de la hora actual; bot\u00f3n de confirmaci\u00f3n del men\u00fa; y pulsaci\u00f3n corta para responder a la tecla.<br \/>\nTecla de cambio: Pulsaci\u00f3n larga durante 3 segundos, Pulsaci\u00f3n corta para entrar en el men\u00fa de nivel 1 y pasar de p\u00e1gina; Pulsaci\u00f3n corta para colgar; Pulsaci\u00f3n larga durante 10 segundos en estado anormal.<br \/>\nInterfaz de carga: Cuando la pulsera indica que la energ\u00eda es insuficiente, por favor, conecte el cargador o el ordenador para cargar; el marco de la bater\u00eda en la pantalla entra en el estado de carga. Cuando est\u00e1 completamente cargada, el marco de la bater\u00eda no parpadea e indica que la carga ha finalizado.<br \/>\nTiempo de carga: unas 2~3 horas;<br \/>\nPara evitar que disminuya el rendimiento de la bater\u00eda, c\u00e1rguela regularmente (durante mucho tiempo, al menos una vez al mes).<br \/>\nSensor de frecuencia cardiaca: La luz de frecuencia cardiaca parpadea continuamente cuando se inicia la medici\u00f3n de la frecuencia cardiaca.<br \/>\nSensor de temperatura: Al iniciar la funci\u00f3n de medici\u00f3n de temperatura en la nube, el sensor de temperatura controlar\u00e1 la temperatura corporal.<\/p>\n<p>Preguntas frecuentes<br \/>\nP: \u00bfQu\u00e9 pasa si la pulsera se muere y se dan otras condiciones anormales que imposibilitan su uso?<br \/>\nR: En caso de situaci\u00f3n anormal, mantenga pulsado el bot\u00f3n de arranque durante 15 segundos para reiniciar y, a continuaci\u00f3n, reinicie.<br \/>\nP: \u00bfSe llamar\u00e1 a la pulsera llamadas y otros n\u00fameros extra\u00f1os?<br \/>\nR: La pulsera tiene la funci\u00f3n de l\u00edmite de llamadas. S\u00f3lo se puede llamar al n\u00famero de la agenda establecido, y el n\u00famero extra\u00f1o se puede rechazar autom\u00e1ticamente para evitar el acoso.<br \/>\nP: \u00bfLa medici\u00f3n de temperatura de la pulsera no es precisa?<br \/>\nR: Durante el primer uso de la pulsera, el tiempo de contacto del sensor de temperatura corporal con la piel es corto, y la temperatura no es completamente estable. Se recomienda medir la temperatura corporal durante m\u00e1s de 5 minutos.<br \/>\nP: \u00bfNo es precisa la medici\u00f3n de la frecuencia cardiaca de la pulsera?<br \/>\nR: Es necesario confirmar que el estado de uso es bueno. Durante la medici\u00f3n de la frecuencia card\u00edaca, mantenga la calma y rel\u00e1jese durante el per\u00edodo de medici\u00f3n. La medici\u00f3n durante el estado de ejercicio puede conducir a una gran desviaci\u00f3n del valor de la frecuencia card\u00edaca medida.<br \/>\nP: \u00bfNo se puede conectar la pulsera entre bastidores?<br \/>\nR: 1. La pulsera no est\u00e1 instalada con una tarjeta SIM o la tarjeta SIM no tiene tr\u00e1fico, por lo que es necesario comprobar si la tarjeta SIM es normal; 2. Pase la p\u00e1gina al men\u00fa de c\u00f3digo QR para comprobar si el n\u00famero del equipo coincide con el n\u00famero IMEI publicado en el cuerpo;<\/p>\n<p>P: \u00bfNo se puede cobrar la pulsera?<br \/>\nR: 1. En primer lugar, compruebe si la conexi\u00f3n del cable de carga es normal y enchufe y vuelva a enchufar el cable de carga; 2. Compruebe si la pulsera se puede encender. Si no puede encenderse, es posible que el voltaje de la bater\u00eda sea bajo y se mantenga en estado de carga durante m\u00e1s de 15 minutos;<br \/>\nP: \u00bfNo se puede llamar con el brazalete?<br \/>\nR: 1. Compruebe si la tarjeta SIM est\u00e1 instalada y si soporta la funci\u00f3n de llamada;<br \/>\n2.Compruebe si hay un n\u00famero de la gu\u00eda telef\u00f3nica establecido en la plataforma, si el n\u00famero est\u00e1 sincronizado en el anillo de la mano, s\u00f3lo tiene que a\u00f1adir el n\u00famero de nuevo en el fondo, y guardarlo de nuevo;<br \/>\n3.Consultar al operador si la tarjeta SIM abre la funci\u00f3n Volte. Si no se abre, no se podr\u00e1 utilizar la funci\u00f3n de llamadas 4G HD; 4.Comprueba si la tarjeta telef\u00f3nica est\u00e1 vencida o parada, y recarga la cuota de renovaci\u00f3n.<\/p>\n<p>frage_abgekuerzt}: \u00bfQu\u00e9 pasa con el tiempo de espera de la pulsera. \u00bfCu\u00e1nto tiempo est\u00e1 cargada?<br \/>\nR: La pulsera ha sido probada sin que se apague la pantalla, puede estar en espera durante m\u00e1s de 3 d\u00edas; en general, un uso leve durante unos 3 d\u00edas; un uso moderado durante unos 2 d\u00edas; un uso intensivo durante aproximadamente 1 d\u00eda (llamada telef\u00f3nica larga); mantener una sola carga durante 2-3 d\u00edas con un uso normal.<br \/>\nP: \u00bfEs la pulsera resistente al agua?<br \/>\nR: La pulsera es un nivel de vida a prueba de agua, que s\u00f3lo puede evitar las salpicaduras de agua en general y se debe secar en el tiempo. No remoje en el agua o el contacto con una gran \u00e1rea de agua.<br \/>\nP: \u00bfLa pulsera evita las ca\u00eddas?<br \/>\nR: la pulsera es un producto electr\u00f3nico, es mejor evitar ca\u00eddas y otras situaciones, f\u00e1cil de afectar a los dispositivos internos.<\/p>\n<p>1\u3001Programa de plataforma:ASR1606<br \/>\n2\u3001Modo de red:Full Netcom,Single Card Single Standby<br \/>\n3\u3001Frecuencia de red: LTE<br \/>\nB1\/3\/5\/7\/8\/12\/17\/20\/38\/39\/40\/41<br \/>\n4\u3001Almacenamiento:64Mbit+64Mbit<br \/>\n5, estilo de uso: de mu\u00f1eca<br \/>\n6, Tipo de bater\u00eda: bater\u00eda de pol\u00edmero<br \/>\n7, Capacidad de la bater\u00eda: 450mAh<br \/>\n8, modo de carga: carga magn\u00e9tica<br \/>\n9, material de la correa: pintura de caucho en spray de silicona<br \/>\n10, tama\u00f1o del cuerpo: 50 * 31 * 16,5 mm<br \/>\n11, Tama\u00f1o de la correa: 195 mm<br \/>\n12\u3001Peso neto:43g<br \/>\n13, LCD: Pantalla TFT en color de 1,1<\/p>\n<p><img fetchpriority=\"high\" decoding=\"async\" class=\"alignnone size-full wp-image-19046\" src=\"https:\/\/www.xsuniot.com\/wp-content\/uploads\/2025\/03\/p5.png\" alt=\"\" width=\"417\" height=\"241\" srcset=\"https:\/\/www.xsuniot.com\/wp-content\/uploads\/2025\/03\/p5.png 417w, https:\/\/www.xsuniot.com\/wp-content\/uploads\/2025\/03\/p5-400x231.png 400w, https:\/\/www.xsuniot.com\/wp-content\/uploads\/2025\/03\/p5-18x10.png 18w, https:\/\/www.xsuniot.com\/wp-content\/uploads\/2025\/03\/p5-150x87.png 150w\" sizes=\"(max-width: 417px) 100vw, 417px\" \/> <img decoding=\"async\" class=\"alignnone size-full wp-image-19047\" src=\"https:\/\/www.xsuniot.com\/wp-content\/uploads\/2025\/03\/p6.png\" alt=\"\" width=\"429\" height=\"212\" srcset=\"https:\/\/www.xsuniot.com\/wp-content\/uploads\/2025\/03\/p6.png 429w, https:\/\/www.xsuniot.com\/wp-content\/uploads\/2025\/03\/p6-400x198.png 400w, https:\/\/www.xsuniot.com\/wp-content\/uploads\/2025\/03\/p6-18x9.png 18w, https:\/\/www.xsuniot.com\/wp-content\/uploads\/2025\/03\/p6-150x74.png 150w\" sizes=\"(max-width: 429px) 100vw, 429px\" \/><\/p>\n<p>&nbsp;<\/p>\n<p><iframe title=\"Pulsera inteligente\" width=\"500\" height=\"281\" src=\"https:\/\/www.youtube.com\/embed\/t8oENozzmCM?feature=oembed\" frameborder=\"0\" allow=\"accelerometer; autoplay; clipboard-write; encrypted-media; gyroscope; picture-in-picture; web-share\" referrerpolicy=\"strict-origin-when-cross-origin\" allowfullscreen><\/iframe><\/p>","protected":false},"excerpt":{"rendered":"<p>Detecci\u00f3n de la temperatura corporal,<br \/>\nPosicionamiento GPS Beidou,<br \/>\nPosicionamiento WiFi,<br \/>\npod\u00f3metro,<br \/>\nSOS,<br \/>\nmonitorizaci\u00f3n del sue\u00f1o,<br \/>\nrecordatorio de medicaci\u00f3n<br \/>\nTimbre de voz,<br \/>\nrecordatorio diario,<br \/>\nalarma de sedentarismo,<br \/>\nvalla electr\u00f3nica,<br \/>\nPista de acci\u00f3n,<br \/>\nAlarma de bater\u00eda baja,<br \/>\nhacer y recibir llamadas.<\/p>","protected":false},"featured_media":15746,"comment_status":"open","ping_status":"closed","template":"","meta":[],"product_brand":[],"product_cat":[107],"product_tag":[132],"class_list":{"0":"post-15745","1":"product","2":"type-product","3":"status-publish","4":"has-post-thumbnail","6":"product_cat-smart-bracelet","7":"product_tag-smart-bracelethealth-detection-motion-detection-tracking-location","9":"first","10":"instock","11":"shipping-taxable","12":"product-type-simple"},"_links":{"self":[{"href":"https:\/\/www.xsuniot.com\/es\/wp-json\/wp\/v2\/product\/15745","targetHints":{"allow":["GET"]}}],"collection":[{"href":"https:\/\/www.xsuniot.com\/es\/wp-json\/wp\/v2\/product"}],"about":[{"href":"https:\/\/www.xsuniot.com\/es\/wp-json\/wp\/v2\/types\/product"}],"replies":[{"embeddable":true,"href":"https:\/\/www.xsuniot.com\/es\/wp-json\/wp\/v2\/comments?post=15745"}],"version-history":[{"count":8,"href":"https:\/\/www.xsuniot.com\/es\/wp-json\/wp\/v2\/product\/15745\/revisions"}],"predecessor-version":[{"id":19048,"href":"https:\/\/www.xsuniot.com\/es\/wp-json\/wp\/v2\/product\/15745\/revisions\/19048"}],"wp:featuredmedia":[{"embeddable":true,"href":"https:\/\/www.xsuniot.com\/es\/wp-json\/wp\/v2\/media\/15746"}],"wp:attachment":[{"href":"https:\/\/www.xsuniot.com\/es\/wp-json\/wp\/v2\/media?parent=15745"}],"wp:term":[{"taxonomy":"product_brand","embeddable":true,"href":"https:\/\/www.xsuniot.com\/es\/wp-json\/wp\/v2\/product_brand?post=15745"},{"taxonomy":"product_cat","embeddable":true,"href":"https:\/\/www.xsuniot.com\/es\/wp-json\/wp\/v2\/product_cat?post=15745"},{"taxonomy":"product_tag","embeddable":true,"href":"https:\/\/www.xsuniot.com\/es\/wp-json\/wp\/v2\/product_tag?post=15745"}],"curies":[{"name":"wp","href":"https:\/\/api.w.org\/{rel}","templated":true}]}}