{"id":15739,"date":"2025-03-18T19:34:34","date_gmt":"2025-03-18T11:34:34","guid":{"rendered":"https:\/\/test8.szime.com\/?post_type=product&#038;p=15739"},"modified":"2025-06-26T20:51:13","modified_gmt":"2025-06-26T12:51:13","slug":"4g-real-time-dashcam","status":"publish","type":"product","link":"https:\/\/www.xsuniot.com\/es\/producto\/4g-real-time-dashcam\/","title":{"rendered":"Dashcam 4G en tiempo real"},"content":{"rendered":"<table id=\"tablepress-1\" class=\"tablepress tablepress-id-1\">\n<thead>\n<tr class=\"row-1\">\n\t<th class=\"column-1\">Escenarios de uso<\/th><th class=\"column-2\">plazo de entrega<\/th><th class=\"column-3\">MOQ<\/th><th class=\"column-4\">Apoyo a la personalizaci\u00f3n<\/th><th class=\"column-5\">Servicio posventa<\/th><th class=\"column-6\">Informaci\u00f3n sobre envases<\/th>\n<\/tr>\n<\/thead>\n<tbody class=\"row-striping row-hover\">\n<tr class=\"row-2\">\n\t<td class=\"column-1\">Coches familiares, veh\u00edculos de carga, veh\u00edculos log\u00edsticos, veh\u00edculos especiales<\/td><td class=\"column-2\">Un mes para la producci\u00f3n a medida<\/td><td class=\"column-3\">10<\/td><td class=\"column-4\">s\u00ed<\/td><td class=\"column-5\">12 meses de garant\u00eda para toda la m\u00e1quina<\/td><td class=\"column-6\">23*11*7cm<\/td>\n<\/tr>\n<\/tbody>\n<\/table>\n<!-- #tablepress-1 from cache -->\n<p>*Conexi\u00f3n 4G y WiFi,Resoluci\u00f3n 4K(3840\u00d72160)<br \/>\n*M\u00f3dulo 4G, IPU ARM A7 a 1,0 GHz (4 n\u00facleos), sistema Linux 4.19<br \/>\n* Sensor Sony IMX415, 8,0 megap\u00edxeles<br \/>\n* H.265,4K+1080P Doble Canal,30Fps, MP4<br \/>\n* WDR, S\u00faper Visi\u00f3n Nocturna, con Sensor G<br \/>\n* Soporte m\u00e1ximo de tarjeta SD de 512 GB<br \/>\n* 4G+WiFi, v\u00eddeo en directo a distancia mediante aplicaci\u00f3n o plataforma de PC<br \/>\n* El \u00e1ngulo de visi\u00f3n ultraamplio de 155\u00b0 capta m\u00e1s de la carretera que te rodea.<br \/>\n*Disfrute de servicios gratuitos de seguimiento por GPS<br \/>\n\" Soporta Monitor de Aparcamiento,Soporta Grabaci\u00f3n Time-Lapse<br \/>\n* Protecci\u00f3n contra bater\u00eda baja<\/p>\n<p><img fetchpriority=\"high\" decoding=\"async\" class=\"alignnone size-full wp-image-19050\" src=\"https:\/\/www.xsuniot.com\/wp-content\/uploads\/2025\/03\/1750942137128.png\" alt=\"\" width=\"982\" height=\"490\" srcset=\"https:\/\/www.xsuniot.com\/wp-content\/uploads\/2025\/03\/1750942137128.png 982w, https:\/\/www.xsuniot.com\/wp-content\/uploads\/2025\/03\/1750942137128-400x200.png 400w, https:\/\/www.xsuniot.com\/wp-content\/uploads\/2025\/03\/1750942137128-768x383.png 768w, https:\/\/www.xsuniot.com\/wp-content\/uploads\/2025\/03\/1750942137128-18x9.png 18w, https:\/\/www.xsuniot.com\/wp-content\/uploads\/2025\/03\/1750942137128-430x215.png 430w, https:\/\/www.xsuniot.com\/wp-content\/uploads\/2025\/03\/1750942137128-700x349.png 700w, https:\/\/www.xsuniot.com\/wp-content\/uploads\/2025\/03\/1750942137128-150x75.png 150w\" sizes=\"(max-width: 982px) 100vw, 982px\" \/> <img decoding=\"async\" class=\"alignnone size-full wp-image-19051\" src=\"https:\/\/www.xsuniot.com\/wp-content\/uploads\/2025\/03\/1750942151654.png\" alt=\"\" width=\"991\" height=\"495\" srcset=\"https:\/\/www.xsuniot.com\/wp-content\/uploads\/2025\/03\/1750942151654.png 991w, https:\/\/www.xsuniot.com\/wp-content\/uploads\/2025\/03\/1750942151654-400x200.png 400w, https:\/\/www.xsuniot.com\/wp-content\/uploads\/2025\/03\/1750942151654-768x384.png 768w, https:\/\/www.xsuniot.com\/wp-content\/uploads\/2025\/03\/1750942151654-18x9.png 18w, https:\/\/www.xsuniot.com\/wp-content\/uploads\/2025\/03\/1750942151654-430x215.png 430w, https:\/\/www.xsuniot.com\/wp-content\/uploads\/2025\/03\/1750942151654-700x350.png 700w, https:\/\/www.xsuniot.com\/wp-content\/uploads\/2025\/03\/1750942151654-150x75.png 150w\" sizes=\"(max-width: 991px) 100vw, 991px\" \/><\/p>\n<p><iframe title=\"V\u00eddeo 4K Ultra HD Dashcam\" width=\"500\" height=\"281\" src=\"https:\/\/www.youtube.com\/embed\/hqcTWk7oXw0?feature=oembed\" frameborder=\"0\" allow=\"accelerometer; autoplay; clipboard-write; encrypted-media; gyroscope; picture-in-picture; web-share\" referrerpolicy=\"strict-origin-when-cross-origin\" allowfullscreen><\/iframe><\/p>","protected":false},"excerpt":{"rendered":"<p>Retransmisi\u00f3n en directo a distancia,<br \/>\n\u00e1lbum de nubes,<br \/>\nreproducci\u00f3n en la nube,<br \/>\nuna llave para encontrar el coche,<br \/>\npista de conducci\u00f3n,<br \/>\nconfiguraci\u00f3n de la nube, etc.<\/p>","protected":false},"featured_media":15740,"comment_status":"open","ping_status":"closed","template":"","meta":[],"product_brand":[],"product_cat":[106],"product_tag":[136,138,137],"class_list":{"0":"post-15739","1":"product","2":"type-product","3":"status-publish","4":"has-post-thumbnail","6":"product_cat-4g-dashcam","7":"product_tag-4g-real-time-dashcamreal-time-location","8":"product_tag-live-video","9":"product_tag-video-playback","11":"first","12":"instock","13":"shipping-taxable","14":"product-type-simple"},"_links":{"self":[{"href":"https:\/\/www.xsuniot.com\/es\/wp-json\/wp\/v2\/product\/15739","targetHints":{"allow":["GET"]}}],"collection":[{"href":"https:\/\/www.xsuniot.com\/es\/wp-json\/wp\/v2\/product"}],"about":[{"href":"https:\/\/www.xsuniot.com\/es\/wp-json\/wp\/v2\/types\/product"}],"replies":[{"embeddable":true,"href":"https:\/\/www.xsuniot.com\/es\/wp-json\/wp\/v2\/comments?post=15739"}],"version-history":[{"count":19,"href":"https:\/\/www.xsuniot.com\/es\/wp-json\/wp\/v2\/product\/15739\/revisions"}],"predecessor-version":[{"id":19052,"href":"https:\/\/www.xsuniot.com\/es\/wp-json\/wp\/v2\/product\/15739\/revisions\/19052"}],"wp:featuredmedia":[{"embeddable":true,"href":"https:\/\/www.xsuniot.com\/es\/wp-json\/wp\/v2\/media\/15740"}],"wp:attachment":[{"href":"https:\/\/www.xsuniot.com\/es\/wp-json\/wp\/v2\/media?parent=15739"}],"wp:term":[{"taxonomy":"product_brand","embeddable":true,"href":"https:\/\/www.xsuniot.com\/es\/wp-json\/wp\/v2\/product_brand?post=15739"},{"taxonomy":"product_cat","embeddable":true,"href":"https:\/\/www.xsuniot.com\/es\/wp-json\/wp\/v2\/product_cat?post=15739"},{"taxonomy":"product_tag","embeddable":true,"href":"https:\/\/www.xsuniot.com\/es\/wp-json\/wp\/v2\/product_tag?post=15739"}],"curies":[{"name":"wp","href":"https:\/\/api.w.org\/{rel}","templated":true}]}}