{"id":15777,"date":"2025-03-18T19:52:46","date_gmt":"2025-03-18T11:52:46","guid":{"rendered":"https:\/\/test8.szime.com\/?post_type=product&#038;p=15777"},"modified":"2025-06-26T20:59:09","modified_gmt":"2025-06-26T12:59:09","slug":"obd-tracking-diagnostics","status":"publish","type":"product","link":"https:\/\/www.xsuniot.com\/de\/produkt\/obd-tracking-diagnostics\/","title":{"rendered":"OBD-Tracking-Diagnose"},"content":{"rendered":"<table id=\"tablepress-6\" class=\"tablepress tablepress-id-6\">\n<thead>\n<tr class=\"row-1\">\n\t<th class=\"column-1\">Verwendungsszenarien<\/th><th class=\"column-2\">Vorlaufzeit<\/th><th class=\"column-3\">MOQ<\/th><th class=\"column-4\">Unterst\u00fctzung bei der Anpassung<\/th><th class=\"column-5\">Service nach dem Verkauf<\/th><th class=\"column-6\">Informationen zur Verpackung<\/th>\n<\/tr>\n<\/thead>\n<tbody class=\"row-striping row-hover\">\n<tr class=\"row-2\">\n\t<td class=\"column-1\">Auto\u00fcberwachung<br \/>\nAutoversicherung<br \/>\nAutodiagnose<br \/>\nVerwaltung von Privatfahrzeugen<br \/>\nFirmenfahrzeug-Management<br \/>\n<\/td><td class=\"column-2\">Ein Monat f\u00fcr kundenspezifische Produktion<\/td><td class=\"column-3\">200<\/td><td class=\"column-4\">ja<\/td><td class=\"column-5\">12 Monate Garantie auf die gesamte Maschine<\/td><td class=\"column-6\">58*45 * 20mm<\/td>\n<\/tr>\n<\/tbody>\n<\/table>\n<!-- #tablepress-6 from cache -->\n<p>OBD-Sensor-Locator integriert 4G-Kommunikationsmodul, hochpr\u00e4zises GPS-Modul und OBD-Diagnosemodul, eingebauter Beschleunigungssensor, es ist ein Fahrzeug Sicherheit intelligentes Terminal mit drahtloser Kommunikation und GPS-Ortung.<br \/>\n\u2605Das Terminal ist Plug-and-Play-f\u00e4hig, d.h. es ist kein Fachpersonal f\u00fcr die Selbstinstallation erforderlich.<br \/>\n\u2605Mit der speziellen Ortungsdienstplattform k\u00f6nnen Fahrzeugbesitzer ganz einfach Ortung, Diebstahlsicherung, Fahrtenwiedergabe, Fahrzeugdiagnose, Fahrverhaltens\u00fcberwachung und andere Funktionen anwenden.<\/p>\n<p>\u00dcberwachung des Fahrverhaltens.<\/p>\n<p>Nach dem Starten des Fahrzeugs werden in Echtzeit die Motordrehzahl, die Fahrzeuggeschwindigkeit, die Batteriespannung, die Drosselklappen\u00f6ffnung, die Motorlast, die K\u00fchlmitteltemperatur, der Luftansaugstrom, die Luftansaugtemperatur, der Z\u00fcndverstellwinkel, der momentane Kraftstoffverbrauch, der durchschnittliche Kraftstoffverbrauch, der aktuelle Kilometerstand, der aktuelle Kraftstoffverbrauch, der kumulative Kraftstoffverbrauch-Fehlercode und der Echtzeit-Datenfluss gemeldet.<\/p>\n<p>Hinweis: Die Lage der OBD-Anschl\u00fcsse ist von Fahrzeug zu Fahrzeug unterschiedlich. Das folgende Diagramm zeigt die m\u00f6glichen Positionen der OBD-Anschl\u00fcsse, bei einigen Fahrzeugen sind die OBD-Anschl\u00fcsse hinter der Kunststoffabdeckung verborgen:<br \/>\nA Bereich: \u00fcber dem Kupplungspedal<br \/>\nB Bereich:\u00dcber dem Gaspedal<br \/>\nC Bereich:Vor dem Schalthebel in der Mittelkonsole<br \/>\nD Bereich:Hinter dem Schalthebel vor dem Armlehnenkasten<br \/>\nE Bereich:Unter dem Handschuhfach des Beifahrers<\/p>\n<p><img fetchpriority=\"high\" decoding=\"async\" class=\"alignnone size-full wp-image-19053\" src=\"https:\/\/www.xsuniot.com\/wp-content\/uploads\/2025\/03\/1750942690523.png\" alt=\"\" width=\"584\" height=\"228\" srcset=\"https:\/\/www.xsuniot.com\/wp-content\/uploads\/2025\/03\/1750942690523.png 584w, https:\/\/www.xsuniot.com\/wp-content\/uploads\/2025\/03\/1750942690523-400x156.png 400w, https:\/\/www.xsuniot.com\/wp-content\/uploads\/2025\/03\/1750942690523-18x7.png 18w, https:\/\/www.xsuniot.com\/wp-content\/uploads\/2025\/03\/1750942690523-430x168.png 430w, https:\/\/www.xsuniot.com\/wp-content\/uploads\/2025\/03\/1750942690523-150x59.png 150w\" sizes=\"(max-width: 584px) 100vw, 584px\" \/><\/p>\n<p>Spezifikation Gr\u00f6\u00dfe 47mm*37mm*25mm ohne Stecker<br \/>\nBetriebsspannung DC 9V~18V<br \/>\nArbeitsstrom Durchschnittlich 25m Meter A (ACC ON)<br \/>\nStandby-Strom 2,5 m (ACC OFF) GSM Standby<br \/>\nEingebauter Akku 50mA Polymer-Lithium-Akku<br \/>\nOrtungsmethode Beidou-Ortung\/GPS-Ortung\/Basisstation-Ortung<br \/>\nOrtungsgenauigkeit GPS-Ortungsfehler &lt;10m (der tats\u00e4chliche Ortungsfehler h\u00e4ngt von der regionalen Umgebung des Fahrzeugs, dem Wetter und anderen Faktoren ab).<br \/>\nDer Positionierungsfehler der Basisstation h\u00e4ngt von den aktuellen Informationen \u00fcber die Abdeckung der Basisstation ab.<br \/>\nKommunikationsnetz 4G LTE TDD\/FDD<br \/>\nKommunikationsmethode TCP-Netzwerk\/SMS<br \/>\nFunkfrequenz B1,B3,B5,B8,B34,B38,B39,B40,B41<br \/>\nBetriebstemperaturbereich -20~+70\u00b0C<br \/>\nLagertemperaturbereich -30~+80\u00b0C<br \/>\nOBD-Protokoll ISO9141<br \/>\nKWP2000_5BPS (ISO14230)<br \/>\nkwp2000_fast (iso14230)<br \/>\nCANBUS_11B_500K (ISO15765)<br \/>\nCANBUS_29B_500K (ISO15765)<br \/>\nCANBUS_11B_250K (ISO15765)<br \/>\nCANBUS_29B_250K (ISO15765)<\/p>\n<p>Haftungsausschluss: Alle Angaben in diesem Dokument basieren auf Tests in einer klaren, offenen und ungehinderten Umgebung bei einer Temperatur von +25 Grad Celsius.<\/p>\n<p><img decoding=\"async\" class=\"alignnone size-full wp-image-18962\" src=\"https:\/\/www.xsuniot.com\/wp-content\/uploads\/2025\/03\/1745479065907.png\" alt=\"\" width=\"564\" height=\"610\" srcset=\"https:\/\/www.xsuniot.com\/wp-content\/uploads\/2025\/03\/1745479065907.png 564w, https:\/\/www.xsuniot.com\/wp-content\/uploads\/2025\/03\/1745479065907-277x300.png 277w, https:\/\/www.xsuniot.com\/wp-content\/uploads\/2025\/03\/1745479065907-11x12.png 11w, https:\/\/www.xsuniot.com\/wp-content\/uploads\/2025\/03\/1745479065907-430x465.png 430w, https:\/\/www.xsuniot.com\/wp-content\/uploads\/2025\/03\/1745479065907-150x162.png 150w\" sizes=\"(max-width: 564px) 100vw, 564px\" \/> <img decoding=\"async\" class=\"alignnone wp-image-18963\" src=\"https:\/\/www.xsuniot.com\/wp-content\/uploads\/2025\/03\/H2a33b5c80a4042048d6d9103b0c5897fB.jpg\" alt=\"\" width=\"591\" height=\"591\" srcset=\"https:\/\/www.xsuniot.com\/wp-content\/uploads\/2025\/03\/H2a33b5c80a4042048d6d9103b0c5897fB.jpg 1000w, https:\/\/www.xsuniot.com\/wp-content\/uploads\/2025\/03\/H2a33b5c80a4042048d6d9103b0c5897fB-300x300.jpg 300w, https:\/\/www.xsuniot.com\/wp-content\/uploads\/2025\/03\/H2a33b5c80a4042048d6d9103b0c5897fB-800x800.jpg 800w, https:\/\/www.xsuniot.com\/wp-content\/uploads\/2025\/03\/H2a33b5c80a4042048d6d9103b0c5897fB-150x150.jpg 150w, https:\/\/www.xsuniot.com\/wp-content\/uploads\/2025\/03\/H2a33b5c80a4042048d6d9103b0c5897fB-768x768.jpg 768w, https:\/\/www.xsuniot.com\/wp-content\/uploads\/2025\/03\/H2a33b5c80a4042048d6d9103b0c5897fB-12x12.jpg 12w, https:\/\/www.xsuniot.com\/wp-content\/uploads\/2025\/03\/H2a33b5c80a4042048d6d9103b0c5897fB-430x430.jpg 430w, https:\/\/www.xsuniot.com\/wp-content\/uploads\/2025\/03\/H2a33b5c80a4042048d6d9103b0c5897fB-700x700.jpg 700w\" sizes=\"(max-width: 591px) 100vw, 591px\" \/><\/p>","protected":false},"excerpt":{"rendered":"<p>* \u00dcberwachung des Fahrverhaltens;<br \/>\n* OBD2 diagnostics;\uff08ISO9141-2\uff0cKWP2000_5BPS\uff0cKWP2000_FAST\uff0cISO15765\uff09<br \/>\n* Verfolgung in Echtzeit;<br \/>\n* Historische Titelwiedergabe;<br \/>\n* Alarm bei Stromausfall;<br \/>\n* ACC-Erkennung;<br \/>\n* Alarm bei Ablauf der Versicherung;<br \/>\n* Geofencing;<br \/>\n* Warnung vor M\u00fcdigkeit am Steuer;<br \/>\n* Vibrationsalarm zur Warnung vor \u00dcberschreitung der Geschwindigkeit;<br \/>\n* Kollisionswarnungen.<\/p>","protected":false},"featured_media":18950,"comment_status":"open","ping_status":"closed","template":"","meta":[],"product_brand":[],"product_cat":[110],"product_tag":[143,142,141,139,140],"class_list":{"0":"post-15777","1":"product","2":"type-product","3":"status-publish","4":"has-post-thumbnail","6":"product_cat-obd-tracking-diagnostics","7":"product_tag-driving-behaviour-analysis","8":"product_tag-fault-diagnosis","9":"product_tag-fence-alarm","10":"product_tag-obd-tracking-diagnosticsreal-time-positioning","11":"product_tag-track-playback","13":"first","14":"instock","15":"shipping-taxable","16":"product-type-simple"},"_links":{"self":[{"href":"https:\/\/www.xsuniot.com\/de\/wp-json\/wp\/v2\/product\/15777","targetHints":{"allow":["GET"]}}],"collection":[{"href":"https:\/\/www.xsuniot.com\/de\/wp-json\/wp\/v2\/product"}],"about":[{"href":"https:\/\/www.xsuniot.com\/de\/wp-json\/wp\/v2\/types\/product"}],"replies":[{"embeddable":true,"href":"https:\/\/www.xsuniot.com\/de\/wp-json\/wp\/v2\/comments?post=15777"}],"version-history":[{"count":11,"href":"https:\/\/www.xsuniot.com\/de\/wp-json\/wp\/v2\/product\/15777\/revisions"}],"predecessor-version":[{"id":19054,"href":"https:\/\/www.xsuniot.com\/de\/wp-json\/wp\/v2\/product\/15777\/revisions\/19054"}],"wp:featuredmedia":[{"embeddable":true,"href":"https:\/\/www.xsuniot.com\/de\/wp-json\/wp\/v2\/media\/18950"}],"wp:attachment":[{"href":"https:\/\/www.xsuniot.com\/de\/wp-json\/wp\/v2\/media?parent=15777"}],"wp:term":[{"taxonomy":"product_brand","embeddable":true,"href":"https:\/\/www.xsuniot.com\/de\/wp-json\/wp\/v2\/product_brand?post=15777"},{"taxonomy":"product_cat","embeddable":true,"href":"https:\/\/www.xsuniot.com\/de\/wp-json\/wp\/v2\/product_cat?post=15777"},{"taxonomy":"product_tag","embeddable":true,"href":"https:\/\/www.xsuniot.com\/de\/wp-json\/wp\/v2\/product_tag?post=15777"}],"curies":[{"name":"wp","href":"https:\/\/api.w.org\/{rel}","templated":true}]}}