{"id":15767,"date":"2025-03-18T19:51:11","date_gmt":"2025-03-18T11:51:11","guid":{"rendered":"https:\/\/test8.szime.com\/?post_type=product&#038;p=15767"},"modified":"2025-06-26T20:23:45","modified_gmt":"2025-06-26T12:23:45","slug":"ai-smart-dashcam","status":"publish","type":"product","link":"https:\/\/www.xsuniot.com\/de\/produkt\/ai-smart-dashcam\/","title":{"rendered":"AI Smart Dashcam"},"content":{"rendered":"<table id=\"tablepress-5\" class=\"tablepress tablepress-id-5\">\n<thead>\n<tr class=\"row-1\">\n\t<th class=\"column-1\">Verwendungsszenarien<\/th><th class=\"column-2\">Vorlaufzeit<\/th><th class=\"column-3\">MOQ<\/th><th class=\"column-4\">Unterst\u00fctzung bei der Anpassung<\/th><th class=\"column-5\">Service nach dem Verkauf<\/th><th class=\"column-6\">Informationen zur Verpackung<\/th>\n<\/tr>\n<\/thead>\n<tbody class=\"row-striping row-hover\">\n<tr class=\"row-2\">\n\t<td class=\"column-1\">Schulbusse, Netbook, Taxis, Logistikflotten, Flottenmanagement<\/td><td class=\"column-2\">Ein Monat f\u00fcr kundenspezifische Produktion<\/td><td class=\"column-3\">50<\/td><td class=\"column-4\">ja<\/td><td class=\"column-5\">12 Monate Garantie auf die gesamte Maschine<\/td><td class=\"column-6\"><\/td>\n<\/tr>\n<\/tbody>\n<\/table>\n<!-- #tablepress-5 from cache -->\n<p>Dabei handelt es sich um ein umfassendes Produkt f\u00fcr die aktive Sicherheit in Kraftfahrzeugen, das Satellitenortung, Video\u00fcberwachung, aktive Sicherheit und andere Funktionen integriert. Das Produkt erf\u00fcllt die Anforderungen an Flotten\u00fcberwachung, Management, Fahrsicherheit und Regulierung des Fahrverhaltens. Basierend auf fortschrittlicher Deep-Learning-Technologie k\u00f6nnen die aktiven Sicherheitsfunktionen - Advanced Driver Assistance System (ADAS), Driver Monitoring System (DMS), Lane Change Assist (LCA) und andere intelligente Algorithmen - auf komplexe Fahrszenarien angewandt werden, um die Sicherheit und Effizienz im Stra\u00dfenverkehr zu verbessern und das Nutzererlebnis insgesamt zu steigern. Die in den Fahrprozess integrierte Technologie der k\u00fcnstlichen Intelligenz kann das sichere Fahrverhalten der Fahrer weiter regulieren.<br \/>\nDas Produkt unterst\u00fctzt JT\/T808, JT\/T905, JT\/T1078 und andere ministerielle Standardprotokolle, die den Bed\u00fcrfnissen der Video\u00fcberwachung und -verwaltung sowie der Standardisierung des Fahrverhaltens von vernetzten Auto-, Kabinen- und Logistikflotten entsprechen.<\/p>\n<p><img fetchpriority=\"high\" decoding=\"async\" class=\"alignnone  wp-image-19042\" src=\"https:\/\/www.xsuniot.com\/wp-content\/uploads\/2025\/03\/AI-DASHCAM-2.jpg\" alt=\"\" width=\"377\" height=\"377\" srcset=\"https:\/\/www.xsuniot.com\/wp-content\/uploads\/2025\/03\/AI-DASHCAM-2.jpg 720w, https:\/\/www.xsuniot.com\/wp-content\/uploads\/2025\/03\/AI-DASHCAM-2-300x300.jpg 300w, https:\/\/www.xsuniot.com\/wp-content\/uploads\/2025\/03\/AI-DASHCAM-2-150x150.jpg 150w, https:\/\/www.xsuniot.com\/wp-content\/uploads\/2025\/03\/AI-DASHCAM-2-12x12.jpg 12w, https:\/\/www.xsuniot.com\/wp-content\/uploads\/2025\/03\/AI-DASHCAM-2-430x430.jpg 430w, https:\/\/www.xsuniot.com\/wp-content\/uploads\/2025\/03\/AI-DASHCAM-2-700x700.jpg 700w\" sizes=\"(max-width: 377px) 100vw, 377px\" \/> <img decoding=\"async\" class=\"alignnone  wp-image-19043\" src=\"https:\/\/www.xsuniot.com\/wp-content\/uploads\/2025\/03\/AI-DASHCAM-3.jpg\" alt=\"\" width=\"377\" height=\"377\" srcset=\"https:\/\/www.xsuniot.com\/wp-content\/uploads\/2025\/03\/AI-DASHCAM-3.jpg 720w, https:\/\/www.xsuniot.com\/wp-content\/uploads\/2025\/03\/AI-DASHCAM-3-300x300.jpg 300w, https:\/\/www.xsuniot.com\/wp-content\/uploads\/2025\/03\/AI-DASHCAM-3-150x150.jpg 150w, https:\/\/www.xsuniot.com\/wp-content\/uploads\/2025\/03\/AI-DASHCAM-3-12x12.jpg 12w, https:\/\/www.xsuniot.com\/wp-content\/uploads\/2025\/03\/AI-DASHCAM-3-430x430.jpg 430w, https:\/\/www.xsuniot.com\/wp-content\/uploads\/2025\/03\/AI-DASHCAM-3-700x700.jpg 700w\" sizes=\"(max-width: 377px) 100vw, 377px\" \/><\/p>\n<p>Das Ger\u00e4t nutzt maschinelle Bildverarbeitungstechnologie auf der Grundlage von Videoanalysen, um Verkehrsrisiken und unsicheres Fahrverhalten von Fahrern automatisch zu erkennen. Jedes erkannte Ereignis l\u00f6st einen akustischen Alarm aus, um den Fahrer in Echtzeit zu warnen, und diese Ereignisse werden auch mit der Plattform synchronisiert.<br \/>\nHinweis: Die AI-Funktion muss gem\u00e4\u00df der Installations- und Betriebsanleitung kalibriert und konfiguriert werden, andernfalls kann die Genauigkeit der AI-Funktion beeintr\u00e4chtigt werden.<br \/>\nAlgorithmuswarnungsausl\u00f6sebedingungen: Ausl\u00f6segeschwindigkeit gr\u00f6\u00dfer als 30km\/h<br \/>\nTest im Freien: Vergewissern Sie sich, dass das Ger\u00e4t mit der GPS-Antenne verbunden ist, indem Sie die GPS-Geschwindigkeit verwenden.<br \/>\nIndoor-Test:<br \/>\nMethode 1 Nach dem Verbinden mit der Handy-APP, gehen Sie zu den Rekorder-Einstellungen - klicken Sie auf die Firmware-Version f\u00fcr 1 Zeit, um zu fragen, dass die analoge Geschwindigkeit eingeschaltet wurde - das Ger\u00e4t startet neu, um wiederhergestellt werden.<br \/>\nMethode 2 Legen Sie den Text f\u00fcr die analoge Geschwindigkeit in das Stammverzeichnis der T-Karte - stecken Sie das Ger\u00e4t ein - Aufforderung, die analoge Geschwindigkeit einzuschalten - Neustart des Ger\u00e4ts, um die Wirkung zu erzielen<\/p>\n<p>&nbsp;<\/p>\n<p>Unterst\u00fctzt mehrere hochaufl\u00f6sende Videos.<br \/>\nUnterst\u00fctzt 4G-Internet-Daten\u00fcbertragung und Ortung.<br \/>\nSprachunterst\u00fctzung f\u00fcr Gegensprechanlage\/H\u00f6ren<br \/>\nFerngesteuerte Echtzeit-Positionierung und Flugbahnwiedergabe<br \/>\nFerngesteuertes Echtzeit-Video und -Wiedergabe<br \/>\nAI-Alarm-Video-Upload<br \/>\nUnterst\u00fctzung der automatischen ADAS\/DMS-Identifikationskalibrierung.<br \/>\nErweiterte Fahrerassistenzsysteme (ADAS)<br \/>\nFunktion zur \u00dcberwachung des Fahrerverhaltens (DSM)<br \/>\nUnterst\u00fctzt DMS-Lenkradeinstellungen links und rechts.<br \/>\nUnterst\u00fctzung von Fahrer-DMS und integrierter Video\u00fcberwachung im Fahrzeug.<br \/>\nRS232\/IO und andere Erweiterungen<\/p>\n<p>Das Paket enth\u00e4lt die folgenden Artikel:<br \/>\n1.AI 4G Dashcam Ger\u00e4t (duale Aufnahmekamera)<br \/>\n2. die SOS-Taste<br \/>\n3. GPS-Antenne<br \/>\n4. die T-Karte L\u00fcnette, L\u00fcnette kleine Schrauben x2, Schloss Kamera gro\u00dfe Schrauben x2<br \/>\n5. SIM-Kartenhalter und Kartenentnahmestift<br \/>\n6. das Netzkabel<br \/>\n7. optionale Kamera f\u00fcr den dritten Kanal<\/p>\n<p><iframe title=\"AI DASHCAM\" width=\"500\" height=\"375\" src=\"https:\/\/www.youtube.com\/embed\/4bCDYh8rC5Y?feature=oembed\" frameborder=\"0\" allow=\"accelerometer; autoplay; clipboard-write; encrypted-media; gyroscope; picture-in-picture; web-share\" referrerpolicy=\"strict-origin-when-cross-origin\" allowfullscreen><\/iframe><\/p>","protected":false},"excerpt":{"rendered":"<p>1\u3001 LINUX-System;<br \/>\n2\u3001Unterst\u00fctzen Sie 4G-Netzwerke und Satellitenortung;<br \/>\n3\u3001Unterst\u00fctzen Sie die Vorderseite des Autos, das Auto Zwei-Kanal-Video integriert<br \/>\n4\u3001Unterst\u00fctzung des Standardprotokolls 808+1078 des Ministeriums;<br \/>\n5\u3001 unterst\u00fctzen Echtzeit-Video, historische Video-Wiedergabe, Notfall-Alarm und andere Funktionen;<br \/>\n6\u3001Unterst\u00fctzen Sie ADAS\/DMS und andere KI-Algorithmen;<br \/>\n7\u3001die h\u00f6chste Unterst\u00fctzung f\u00fcr Zweikanal-1080P-Video (mit Algorithmusversion f\u00fcr 2-Wege 720P)<\/p>","protected":false},"featured_media":15769,"comment_status":"open","ping_status":"closed","template":"","meta":[],"product_brand":[],"product_cat":[109],"product_tag":[133,135,134],"class_list":{"0":"post-15767","1":"product","2":"type-product","3":"status-publish","4":"has-post-thumbnail","6":"product_cat-ai-smart-dashcam","7":"product_tag-ai-smart-dashcamfatigue-alarm","8":"product_tag-lane-departure-alarm","9":"product_tag-smoking-alarm","11":"first","12":"instock","13":"shipping-taxable","14":"product-type-simple"},"_links":{"self":[{"href":"https:\/\/www.xsuniot.com\/de\/wp-json\/wp\/v2\/product\/15767","targetHints":{"allow":["GET"]}}],"collection":[{"href":"https:\/\/www.xsuniot.com\/de\/wp-json\/wp\/v2\/product"}],"about":[{"href":"https:\/\/www.xsuniot.com\/de\/wp-json\/wp\/v2\/types\/product"}],"replies":[{"embeddable":true,"href":"https:\/\/www.xsuniot.com\/de\/wp-json\/wp\/v2\/comments?post=15767"}],"version-history":[{"count":6,"href":"https:\/\/www.xsuniot.com\/de\/wp-json\/wp\/v2\/product\/15767\/revisions"}],"predecessor-version":[{"id":19041,"href":"https:\/\/www.xsuniot.com\/de\/wp-json\/wp\/v2\/product\/15767\/revisions\/19041"}],"wp:featuredmedia":[{"embeddable":true,"href":"https:\/\/www.xsuniot.com\/de\/wp-json\/wp\/v2\/media\/15769"}],"wp:attachment":[{"href":"https:\/\/www.xsuniot.com\/de\/wp-json\/wp\/v2\/media?parent=15767"}],"wp:term":[{"taxonomy":"product_brand","embeddable":true,"href":"https:\/\/www.xsuniot.com\/de\/wp-json\/wp\/v2\/product_brand?post=15767"},{"taxonomy":"product_cat","embeddable":true,"href":"https:\/\/www.xsuniot.com\/de\/wp-json\/wp\/v2\/product_cat?post=15767"},{"taxonomy":"product_tag","embeddable":true,"href":"https:\/\/www.xsuniot.com\/de\/wp-json\/wp\/v2\/product_tag?post=15767"}],"curies":[{"name":"wp","href":"https:\/\/api.w.org\/{rel}","templated":true}]}}