{"id":15758,"date":"2025-03-18T19:48:51","date_gmt":"2025-03-18T11:48:51","guid":{"rendered":"https:\/\/test8.szime.com\/?post_type=product&#038;p=15758"},"modified":"2025-06-26T21:28:28","modified_gmt":"2025-06-26T13:28:28","slug":"pet-tracker","status":"publish","type":"product","link":"https:\/\/www.xsuniot.com\/de\/produkt\/pet-tracker\/","title":{"rendered":"Haustier-Tracker"},"content":{"rendered":"<table id=\"tablepress-3\" class=\"tablepress tablepress-id-3\">\n<thead>\n<tr class=\"row-1\">\n\t<th class=\"column-1\">Verwendungsszenarien<\/th><th class=\"column-2\">Vorlaufzeit<\/th><th class=\"column-3\">MOQ<\/th><th class=\"column-4\">Unterst\u00fctzung bei der Anpassung<\/th><th class=\"column-5\">Service nach dem Verkauf<\/th><th class=\"column-6\">Informationen zur Verpackung<\/th>\n<\/tr>\n<\/thead>\n<tbody class=\"row-striping row-hover\">\n<tr class=\"row-2\">\n\t<td class=\"column-1\">F\u00fcr Katzen, Hunde und andere Haustiere<br \/>\n<\/td><td class=\"column-2\">Ein Monat f\u00fcr kundenspezifische Produktion<\/td><td class=\"column-3\">50<\/td><td class=\"column-4\">ja<\/td><td class=\"column-5\">12 Monate Garantie auf die gesamte Maschine<\/td><td class=\"column-6\"><\/td>\n<\/tr>\n<\/tbody>\n<\/table>\n<!-- #tablepress-3 from cache -->\n<p>XS-59 ist ein 4G Full Netcom Pet Positioning Terminal, das speziell f\u00fcr Haustiere entwickelt wurde. Es integriert 4G Full Netcom Wireless Communication Technologie und GPS\/BDS Satellitennavigation und Positionierungstechnologie. Das Terminal verf\u00fcgt \u00fcber ein industrietaugliches, hochintegriertes, vollst\u00e4ndig eingebautes Antennendesign und ist mit einem 3-Achsen-Sensor ausgestattet, der auf intelligente Weise Strom spart und zum Arbeiten aufweckt. Es bietet Funktionen wie Standortverfolgung in Echtzeit, Vibrationsalarm, Lichtsuche f\u00fcr Haustiere, Summersuche f\u00fcr Haustiere und Appellpositionierung. Vier Arbeitsmodi k\u00f6nnen eingestellt werden, um verschiedene Anwendungsszenarien f\u00fcr Kunden zu erf\u00fcllen, und Benutzer k\u00f6nnen Befehle senden, um die Arbeitsmodi zu wechseln.<\/p>\n<p>Arbeitslogik<br \/>\n\u2460Status Erl\u00e4uterung:<br \/>\nStatus \"Ein\/Aus\": Das Ger\u00e4t kann ein- oder ausgeschaltet werden, indem die Taste drei Sekunden lang gedr\u00fcckt wird. Nach dem Ausschalten durch drei Sekunden langes Halten werden keine Daten hochgeladen.<br \/>\nArbeitsstatus: Die Anzeigeleuchte des Ger\u00e4ts leuchtet, und sowohl das Netzwerkmodul als auch das Ortungsmodul befinden sich im Arbeitsstatus.<br \/>\nStandby-Status: Das Netzwerkmodul des Ger\u00e4ts ist aktiv (h\u00e4lt die Plattform online und erm\u00f6glicht Offline-Befehle und SMS), aber das Ortungsmodul ist inaktiv.<br \/>\n\u2461Arbeitsmodus Erl\u00e4uterung:<br \/>\nKontinuierliche Positionierung: Das Ger\u00e4t befindet sich im Standard-Arbeitszustand und aktualisiert seine Position alle 30 Sekunden.<br \/>\nNormaler Modus: Das Ger\u00e4t befindet sich standardm\u00e4\u00dfig im Standby-Zustand. Wird w\u00e4hrend der Standby-Phase eine Vibration festgestellt, geht das Ger\u00e4t in den Arbeitsmodus \u00fcber und aktualisiert seine Position alle 10 Minuten; wird keine Vibration festgestellt, bleibt das Ger\u00e4t im Standby-Modus.<br \/>\nDas Ger\u00e4t befindet sich standardm\u00e4\u00dfig im Standby-Modus. Wenn w\u00e4hrend dieses Zeitraums eine Vibration erkannt wird, schaltet das Ger\u00e4t jede Stunde in den Arbeitsmodus, um seinen Standort zu aktualisieren. Wenn keine Vibration erkannt wird, bleibt das Ger\u00e4t im Standby-Modus.<br \/>\nDas Ger\u00e4t befindet sich standardm\u00e4\u00dfig im Standby-Modus. Wenn es w\u00e4hrend dieser Zeit eine Vibration erkennt, geht es in den Arbeitsmodus \u00fcber und aktualisiert seine Position alle 12 Stunden. Wird keine Vibration erkannt, bleibt es im Standby-Modus.<br \/>\n\u2462Vibrationsalarm Erl\u00e4uterung:<br \/>\nNachdem die Plattform den Scharfschaltbefehl gesendet hat, geht das Ger\u00e4t nach drei Minuten Ruhe in den scharfen Zustand \u00fcber. Bei Erkennung einer Vibration wird ein Vibrationsalarm ausgel\u00f6st. Der Scharfschaltzustand wird nur einmal aktiviert.<\/p>\n<p>\uf06cGPS+BDS+AGPS+WiFi+LBS Multi-Positionierung;<br \/>\n\uf06cSupports Elektronische Zaunfunktion, mit der Benutzer virtuelle elektronische Z\u00e4une \u00fcber die Plattform\/APP setzen k\u00f6nnen. Die Plattform kann erkennen und Warnungen senden, wenn das Ger\u00e4t den Zaun betritt oder verl\u00e4sst;<br \/>\n\uf06cCapable Senden von Alarm-SMS\/Telefonanrufen an die Nummern der W\u00e4chter bei Alarmen, wobei die Alarme gleichzeitig auf die Plattform hochgeladen werden;<br \/>\nDas Terminal \uf06cThe verwendet ein hochstabiles 4G-Modul renommierter Hersteller in Industriequalit\u00e4t mit eingebauten hochempfindlichen LTE-Antennen, die TCP\/IP-Daten\u00fcbertragung und die Verbindung zu Servern \u00fcber Domainnamen\/IP-Adressen unterst\u00fctzen;<br \/>\n\uf06cEquipped mit einem Speicherchip mit hoher Kapazit\u00e4t, der die Datenspeicherung im Offlinemodus und die erneute \u00dcbertragung von Daten, die in un\u00fcbersichtlichen Bereichen verpasst wurden, unterst\u00fctzt. Wenn sich das Haustier in einem Gebiet mit schwachen Funksignalen oder starken St\u00f6rungen befindet, werden die Bewegungsdaten des Haustiers vor\u00fcbergehend im FLASH gespeichert. Nachdem das Funksignal wieder normal ist, k\u00f6nnen die Daten erneut \u00fcbertragen werden, um sicherzustellen, dass keine Daten verloren gehen;<br \/>\n\uf06cBuilt-in 3-Achsen-Beschleunigungssensor mit pr\u00e4zisen Beschleunigungsalgorithmen zur Echtzeit-Erfassung und Beurteilung der aktuellen K\u00f6rperhaltung des Tieres;<br \/>\n\uf06cHigh Empfindliches GPS\/BDS-Dual-Satellitenpositionierungsmodul mit st\u00f6rungsfreier Keramikantenne, das einen stabileren Satellitensignalempfang erm\u00f6glicht und die schnelle Positionierung und Verfolgung von AGPS sowie einen synchronisierten Zeitdienst unterst\u00fctzt;<br \/>\n\uf06cSupports Online-Fern-Upgrades und Fernkonfiguration der Produktparameter.<\/p>\n<p><img fetchpriority=\"high\" decoding=\"async\" class=\"alignnone wp-image-18898 size-full\" src=\"https:\/\/www.xsuniot.com\/wp-content\/uploads\/2025\/04\/O1CN01AEua631aMJkriOlLK_2210390603315-0-cib-e1744812462770.jpg\" alt=\"PET Tracker\" width=\"443\" height=\"514\" srcset=\"https:\/\/www.xsuniot.com\/wp-content\/uploads\/2025\/04\/O1CN01AEua631aMJkriOlLK_2210390603315-0-cib-e1744812462770.jpg 443w, https:\/\/www.xsuniot.com\/wp-content\/uploads\/2025\/04\/O1CN01AEua631aMJkriOlLK_2210390603315-0-cib-e1744812462770-259x300.jpg 259w, https:\/\/www.xsuniot.com\/wp-content\/uploads\/2025\/04\/O1CN01AEua631aMJkriOlLK_2210390603315-0-cib-e1744812462770-10x12.jpg 10w, https:\/\/www.xsuniot.com\/wp-content\/uploads\/2025\/04\/O1CN01AEua631aMJkriOlLK_2210390603315-0-cib-e1744812462770-430x499.jpg 430w, https:\/\/www.xsuniot.com\/wp-content\/uploads\/2025\/04\/O1CN01AEua631aMJkriOlLK_2210390603315-0-cib-e1744812462770-150x174.jpg 150w\" sizes=\"(max-width: 443px) 100vw, 443px\" \/><\/p>","protected":false},"excerpt":{"rendered":"<p>Echtzeit-Ortung,<\/p>\n<p>Vibrationsalarm,<\/p>\n<p>Lichtsuche f\u00fcr Haustiere<\/p>\n<p>Ger\u00e4usche bei der Suche nach Haustieren,<\/p>\n<p>Benennung und Positionierung.<\/p>","protected":false},"featured_media":15872,"comment_status":"open","ping_status":"closed","template":"","meta":[],"product_brand":[],"product_cat":[108],"product_tag":[125,127,83,126],"class_list":{"0":"post-15758","1":"product","2":"type-product","3":"status-publish","4":"has-post-thumbnail","6":"product_cat-pet-tracker","7":"product_tag-cat-tracker","8":"product_tag-dog-tracker","9":"product_tag-pet-locator","10":"product_tag-pet-tracker","12":"first","13":"instock","14":"shipping-taxable","15":"product-type-simple"},"_links":{"self":[{"href":"https:\/\/www.xsuniot.com\/de\/wp-json\/wp\/v2\/product\/15758","targetHints":{"allow":["GET"]}}],"collection":[{"href":"https:\/\/www.xsuniot.com\/de\/wp-json\/wp\/v2\/product"}],"about":[{"href":"https:\/\/www.xsuniot.com\/de\/wp-json\/wp\/v2\/types\/product"}],"replies":[{"embeddable":true,"href":"https:\/\/www.xsuniot.com\/de\/wp-json\/wp\/v2\/comments?post=15758"}],"version-history":[{"count":7,"href":"https:\/\/www.xsuniot.com\/de\/wp-json\/wp\/v2\/product\/15758\/revisions"}],"predecessor-version":[{"id":19055,"href":"https:\/\/www.xsuniot.com\/de\/wp-json\/wp\/v2\/product\/15758\/revisions\/19055"}],"wp:featuredmedia":[{"embeddable":true,"href":"https:\/\/www.xsuniot.com\/de\/wp-json\/wp\/v2\/media\/15872"}],"wp:attachment":[{"href":"https:\/\/www.xsuniot.com\/de\/wp-json\/wp\/v2\/media?parent=15758"}],"wp:term":[{"taxonomy":"product_brand","embeddable":true,"href":"https:\/\/www.xsuniot.com\/de\/wp-json\/wp\/v2\/product_brand?post=15758"},{"taxonomy":"product_cat","embeddable":true,"href":"https:\/\/www.xsuniot.com\/de\/wp-json\/wp\/v2\/product_cat?post=15758"},{"taxonomy":"product_tag","embeddable":true,"href":"https:\/\/www.xsuniot.com\/de\/wp-json\/wp\/v2\/product_tag?post=15758"}],"curies":[{"name":"wp","href":"https:\/\/api.w.org\/{rel}","templated":true}]}}