{"id":15745,"date":"2025-03-18T19:37:15","date_gmt":"2025-03-18T11:37:15","guid":{"rendered":"https:\/\/test8.szime.com\/?post_type=product&#038;p=15745"},"modified":"2025-06-26T20:43:28","modified_gmt":"2025-06-26T12:43:28","slug":"smart-bracelet","status":"publish","type":"product","link":"https:\/\/www.xsuniot.com\/de\/produkt\/smart-bracelet\/","title":{"rendered":"Smart-Armband"},"content":{"rendered":"<table id=\"tablepress-2\" class=\"tablepress tablepress-id-2\">\n<thead>\n<tr class=\"row-1\">\n\t<th class=\"column-1\">Verwendungsszenarien<\/th><th class=\"column-2\">Vorlaufzeit<\/th><th class=\"column-3\">MOQ<\/th><th class=\"column-4\">Unterst\u00fctzung bei der Anpassung<\/th><th class=\"column-5\">Service nach dem Verkauf<\/th><th class=\"column-6\">Informationen zur Verpackung<\/th>\n<\/tr>\n<\/thead>\n<tbody class=\"row-striping row-hover\">\n<tr class=\"row-2\">\n\t<td class=\"column-1\">(Anwendbar auf Grund- und Sekundarschulen, Kinderf\u00fcrsorgeeinrichtungen, Pflegeheime, CDC, offenes Gemeinschaftsabonnement)<\/td><td class=\"column-2\">Ein Monat f\u00fcr kundenspezifische Produktion<\/td><td class=\"column-3\">100<\/td><td class=\"column-4\">ja<\/td><td class=\"column-5\">12 Monate Garantie auf die gesamte Maschine<\/td><td class=\"column-6\">Gr\u00f6\u00dfe des Hauptk\u00f6rpers: 50*31*16,5mm<br \/>\nGr\u00f6\u00dfe des Riemens:195mm<br \/>\nNettogewicht:43g<\/td>\n<\/tr>\n<\/tbody>\n<\/table>\n<!-- #tablepress-2 from cache -->\n<p>Einf\u00fchrung in die Grundfunktion<br \/>\nNotruf-Hilfetaste: langes Dr\u00fccken, um die SOS-Nummer f\u00fcr 3 Sekunden zu w\u00e4hlen (ohne SOS-Nummer); kurzes Dr\u00fccken, um die aktuelle Uhrzeit zu melden; die Men\u00fcbest\u00e4tigungstaste; und kurzes Dr\u00fccken, um die Taste zu beantworten.<br \/>\nUmschalttaste: Langes Dr\u00fccken f\u00fcr 3 Sekunden, kurzes Dr\u00fccken, um das Men\u00fc der Ebene 1 aufzurufen und die Seite umzubl\u00e4ttern; kurzes Dr\u00fccken, um aufzulegen; langes Dr\u00fccken f\u00fcr 10 Sekunden im abnormalen Zustand.<br \/>\nSchnittstelle zum Aufladen: Wenn das Armband anzeigt, dass die Energie nicht ausreicht, schlie\u00dfen Sie bitte das Ladeger\u00e4t oder den Computer zum Aufladen an; der Batterierahmen auf dem Bildschirm wechselt in den Ladezustand. Wenn die Batterie vollst\u00e4ndig aufgeladen ist, blinkt der Batterierahmen nicht und zeigt an, dass der Ladevorgang abgeschlossen ist.<br \/>\nLadezeit: etwa 2~3 Stunden;<br \/>\nUm ein Nachlassen der Akkuleistung zu vermeiden, sollten Sie den Akku regelm\u00e4\u00dfig aufladen (\u00fcber einen l\u00e4ngeren Zeitraum, mindestens einmal pro Monat).<br \/>\nHerzfrequenz-Sensor: Die Herzfrequenzanzeige blinkt kontinuierlich, wenn die Herzfrequenzmessung gestartet wird.<br \/>\nTemperatursensor: Beim Starten der Wolken-Temperaturmessfunktion \u00fcberwacht der Temperatursensor die K\u00f6rpertemperatur.<\/p>\n<p>H\u00e4ufig gestellte Fragen<br \/>\nF: Was ist, wenn das Armband stirbt oder andere anormale Bedingungen eintreten, so dass es nicht mehr verwendet werden kann?<br \/>\nA: Im Falle einer abnormalen Situation halten Sie die Boot-Taste 15 Sekunden lang gedr\u00fcckt, um das Ger\u00e4t zur\u00fcckzusetzen, und starten Sie es dann neu.<br \/>\nF: Wird das Armband mit Anrufen und anderen seltsamen Nummern angerufen werden?<br \/>\nA: Das Armband hat die Funktion der Anrufbegrenzung. Nur die eingestellte Telefonbuchnummer kann angerufen werden, und die fremde Nummer kann automatisch abgewiesen werden, um Bel\u00e4stigungen zu vermeiden.<br \/>\nF: Ist die Temperaturmessung des Armbands nicht genau?<br \/>\nA: W\u00e4hrend des ersten Tragens des Armbands ist die Kontaktzeit des K\u00f6rpertemperatursensors mit der Haut kurz, und die Temperatur ist nicht vollst\u00e4ndig stabil. Es wird empfohlen, die K\u00f6rpertemperatur f\u00fcr mehr als 5 Minuten zu messen.<br \/>\nF: Ist die Herzfrequenzmessung des Armbands nicht genau?<br \/>\nA: Es ist wichtig, dass Sie sich vergewissern, dass Sie das Ger\u00e4t richtig tragen. Bitte bleiben Sie w\u00e4hrend der Messung der Herzfrequenz ruhig und entspannt. Die Messung w\u00e4hrend des Trainingszustandes kann zu einer gro\u00dfen Abweichung des gemessenen Herzfrequenzwertes f\u00fchren.<br \/>\nF: Kann das Armband nicht hinter der B\u00fchne verbunden werden?<br \/>\nA: 1. das Armband ist nicht mit einer SIM-Karte installiert oder die SIM-Karte hat keinen Datenverkehr, so dass Sie \u00fcberpr\u00fcfen m\u00fcssen, ob die SIM-Karte normal ist; 2. bl\u00e4ttern Sie die Seite zum QR-Code-Men\u00fc, um zu \u00fcberpr\u00fcfen, ob die Ger\u00e4tenummer mit der IMEI-Nummer auf dem Geh\u00e4use \u00fcbereinstimmt;<\/p>\n<p>F: Kann das Armband nicht aufgeladen werden?<br \/>\nA: 1. pr\u00fcfen Sie zun\u00e4chst, ob die Verbindung des Ladekabels normal ist und stecken Sie das Ladekabel erneut ein; 2. pr\u00fcfen Sie, ob sich das Armband einschalten l\u00e4sst. Wenn es sich nicht einschalten l\u00e4sst, kann die Batteriespannung zu niedrig sein und der Ladezustand l\u00e4nger als 15 Minuten andauern;<br \/>\nF: K\u00f6nnen Sie das Armband nicht anrufen?<br \/>\nA: 1. pr\u00fcfen Sie, ob die SIM-Karte installiert ist und ob die SIM-Karte die Anruffunktion unterst\u00fctzt;<br \/>\n2. \u00fcberpr\u00fcfen Sie, ob eine Telefonbuchnummer auf der Plattform eingestellt ist, ob die Nummer auf dem Handring synchronisiert ist, Sie k\u00f6nnen die Nummer einfach im Hintergrund wieder hinzuf\u00fcgen und erneut speichern;<br \/>\n3. fragen Sie den Betreiber, ob die SIM-Karte die Volte-Funktion \u00f6ffnet. Wenn sie nicht ge\u00f6ffnet ist, kann die 4G-HD-Anruffunktion nicht genutzt werden. 4. Pr\u00fcfen Sie, ob die Telefonkarte \u00fcberf\u00e4llig oder gesperrt ist, und laden Sie die Erneuerungsgeb\u00fchr auf.<\/p>\n<p>F: Wie sieht es mit der Standby-Zeit des Armbands aus? Wie lange wird es aufgeladen?<br \/>\nA: Das Armband wurde ohne Bildschirm getestet, kann Standby f\u00fcr mehr als 3 Tage; in der Regel leichte Nutzung f\u00fcr ca. 3 Tage; m\u00e4\u00dfige Nutzung f\u00fcr ca. 2 Tage; schwere Nutzung f\u00fcr ca. 1 Tag (langes Telefongespr\u00e4ch); halten Sie eine einzelne Ladung f\u00fcr 2-3 Tage bei normalem Gebrauch.<br \/>\nF: Ist das Armband wasserdicht?<br \/>\nA: Das Armband ist ein Leben wasserdicht Ebene, die nur die allgemeine Wasserspritzer verhindern kann und sollte in der Zeit getrocknet werden. Nicht im Wasser einweichen oder Kontakt mit einer gro\u00dfen Fl\u00e4che von Wasser.<br \/>\nF: Verhindert das Armband St\u00fcrze?<br \/>\nA: das Armband ist ein elektronisches Produkt, ist es am besten zu vermeiden, fallen und andere Situationen, leicht zu beeintr\u00e4chtigen die internen Ger\u00e4te.<\/p>\n<p>1\u3001Plattform-Programm:ASR1606<br \/>\n2\u3001Netzwerkmodus:Full Netcom,Single Card Single Standby<br \/>\n3\u3001Netzfrequenz:LTE<br \/>\nB1\/3\/5\/7\/8\/12\/17\/20\/38\/39\/40\/41<br \/>\n4\u3001Speicherplatz:64Mbit+64Mbit<br \/>\n5, Trageweise: Handgelenk tragen<br \/>\n6, Akku-Typ: Polymer-Akku<br \/>\n7, Batteriekapazit\u00e4t: 450mAh<br \/>\n8, Lademodus: magnetische Aufladung<br \/>\n9, Bandmaterial: Silikon-Spr\u00fchgummi-Farbe<br \/>\n10, K\u00f6rpergr\u00f6\u00dfe: 50 * 31 * 16.5mm<br \/>\n11, Riemengr\u00f6\u00dfe: 195mm<br \/>\n12\u3001Nettogewicht:43g<br \/>\n13, LCD: 1.1 TFT-Farbbildschirm<\/p>\n<p><img fetchpriority=\"high\" decoding=\"async\" class=\"alignnone size-full wp-image-19046\" src=\"https:\/\/www.xsuniot.com\/wp-content\/uploads\/2025\/03\/p5.png\" alt=\"\" width=\"417\" height=\"241\" srcset=\"https:\/\/www.xsuniot.com\/wp-content\/uploads\/2025\/03\/p5.png 417w, https:\/\/www.xsuniot.com\/wp-content\/uploads\/2025\/03\/p5-400x231.png 400w, https:\/\/www.xsuniot.com\/wp-content\/uploads\/2025\/03\/p5-18x10.png 18w, https:\/\/www.xsuniot.com\/wp-content\/uploads\/2025\/03\/p5-150x87.png 150w\" sizes=\"(max-width: 417px) 100vw, 417px\" \/> <img decoding=\"async\" class=\"alignnone size-full wp-image-19047\" src=\"https:\/\/www.xsuniot.com\/wp-content\/uploads\/2025\/03\/p6.png\" alt=\"\" width=\"429\" height=\"212\" srcset=\"https:\/\/www.xsuniot.com\/wp-content\/uploads\/2025\/03\/p6.png 429w, https:\/\/www.xsuniot.com\/wp-content\/uploads\/2025\/03\/p6-400x198.png 400w, https:\/\/www.xsuniot.com\/wp-content\/uploads\/2025\/03\/p6-18x9.png 18w, https:\/\/www.xsuniot.com\/wp-content\/uploads\/2025\/03\/p6-150x74.png 150w\" sizes=\"(max-width: 429px) 100vw, 429px\" \/><\/p>\n<p>&nbsp;<\/p>\n<p><iframe title=\"Smart-Armband\" width=\"500\" height=\"281\" src=\"https:\/\/www.youtube.com\/embed\/t8oENozzmCM?feature=oembed\" frameborder=\"0\" allow=\"accelerometer; autoplay; clipboard-write; encrypted-media; gyroscope; picture-in-picture; web-share\" referrerpolicy=\"strict-origin-when-cross-origin\" allowfullscreen><\/iframe><\/p>","protected":false},"excerpt":{"rendered":"<p>Erkennung der K\u00f6rpertemperatur,<br \/>\nGPS Beidou-Ortung,<br \/>\nWiFi-Positionierung,<br \/>\nSchrittz\u00e4hler,<br \/>\nSOS,<br \/>\nSchlaf\u00fcberwachung,<br \/>\nMedikamentenerinnerung<br \/>\nStimmengewirr,<br \/>\nt\u00e4gliche Erinnerung,<br \/>\nSituationsalarm,<br \/>\nelektronischen Zaun,<br \/>\nAction Track,<br \/>\nAlarm bei niedrigem Batteriestand,<br \/>\nAnrufe t\u00e4tigen und entgegennehmen.<\/p>","protected":false},"featured_media":15746,"comment_status":"open","ping_status":"closed","template":"","meta":[],"product_brand":[],"product_cat":[107],"product_tag":[132],"class_list":{"0":"post-15745","1":"product","2":"type-product","3":"status-publish","4":"has-post-thumbnail","6":"product_cat-smart-bracelet","7":"product_tag-smart-bracelethealth-detection-motion-detection-tracking-location","9":"first","10":"instock","11":"shipping-taxable","12":"product-type-simple"},"_links":{"self":[{"href":"https:\/\/www.xsuniot.com\/de\/wp-json\/wp\/v2\/product\/15745","targetHints":{"allow":["GET"]}}],"collection":[{"href":"https:\/\/www.xsuniot.com\/de\/wp-json\/wp\/v2\/product"}],"about":[{"href":"https:\/\/www.xsuniot.com\/de\/wp-json\/wp\/v2\/types\/product"}],"replies":[{"embeddable":true,"href":"https:\/\/www.xsuniot.com\/de\/wp-json\/wp\/v2\/comments?post=15745"}],"version-history":[{"count":8,"href":"https:\/\/www.xsuniot.com\/de\/wp-json\/wp\/v2\/product\/15745\/revisions"}],"predecessor-version":[{"id":19048,"href":"https:\/\/www.xsuniot.com\/de\/wp-json\/wp\/v2\/product\/15745\/revisions\/19048"}],"wp:featuredmedia":[{"embeddable":true,"href":"https:\/\/www.xsuniot.com\/de\/wp-json\/wp\/v2\/media\/15746"}],"wp:attachment":[{"href":"https:\/\/www.xsuniot.com\/de\/wp-json\/wp\/v2\/media?parent=15745"}],"wp:term":[{"taxonomy":"product_brand","embeddable":true,"href":"https:\/\/www.xsuniot.com\/de\/wp-json\/wp\/v2\/product_brand?post=15745"},{"taxonomy":"product_cat","embeddable":true,"href":"https:\/\/www.xsuniot.com\/de\/wp-json\/wp\/v2\/product_cat?post=15745"},{"taxonomy":"product_tag","embeddable":true,"href":"https:\/\/www.xsuniot.com\/de\/wp-json\/wp\/v2\/product_tag?post=15745"}],"curies":[{"name":"wp","href":"https:\/\/api.w.org\/{rel}","templated":true}]}}